
{"id":2721,"date":"2021-12-15T14:05:11","date_gmt":"2021-12-15T19:05:11","guid":{"rendered":"https:\/\/fneaa.ca\/informations-sur-ladhesion\/"},"modified":"2021-12-15T14:59:06","modified_gmt":"2021-12-15T19:59:06","slug":"informations-sur-ladhesion","status":"publish","type":"page","link":"https:\/\/fneaa.ca\/fr\/informations-sur-ladhesion\/","title":{"rendered":"Informations sur l&rsquo;adh\u00e9sion"},"content":{"rendered":"\t\t<div data-elementor-type=\"wp-page\" data-elementor-id=\"2721\" class=\"elementor elementor-2721 elementor-206\" data-elementor-post-type=\"page\">\n\t\t\t\t\t\t<section class=\"elementor-section elementor-top-section elementor-element elementor-element-2d2f9eb elementor-section-boxed elementor-section-height-default elementor-section-height-default\" data-id=\"2d2f9eb\" data-element_type=\"section\" data-e-type=\"section\">\n\t\t\t\t\t\t<div class=\"elementor-container elementor-column-gap-no\">\n\t\t\t\t\t<div class=\"elementor-column elementor-col-100 elementor-top-column elementor-element elementor-element-577f2b1\" data-id=\"577f2b1\" data-element_type=\"column\" data-e-type=\"column\">\n\t\t\t<div class=\"elementor-widget-wrap elementor-element-populated\">\n\t\t\t\t\t\t<div class=\"elementor-element elementor-element-8155681 elementor-widget elementor-widget-text-editor\" data-id=\"8155681\" data-element_type=\"widget\" data-e-type=\"widget\" data-widget_type=\"text-editor.default\">\n\t\t\t\t<div class=\"elementor-widget-container\">\n\t\t\t\t\t\t\t\t\t<h4 class=\"header-border\">\u00catre membre de ll&rsquo;AAEPN est d&rsquo;une grande valeur pour la profession d&rsquo;administrateur de l&rsquo;\u00e9ducation des Premi\u00e8res Nations, pour l&rsquo;organisation et personnellement pour le membre.<\/h4>\n\t\t\t\t\t\t\t\t<\/div>\n\t\t\t\t<\/div>\n\t\t\t\t<section class=\"elementor-section elementor-inner-section elementor-element elementor-element-b8cf538 elementor-section-boxed elementor-section-height-default elementor-section-height-default\" data-id=\"b8cf538\" data-element_type=\"section\" data-e-type=\"section\">\n\t\t\t\t\t\t<div class=\"elementor-container elementor-column-gap-default\">\n\t\t\t\t\t<div class=\"elementor-column elementor-col-66 elementor-inner-column elementor-element elementor-element-f262243\" data-id=\"f262243\" data-element_type=\"column\" data-e-type=\"column\">\n\t\t\t<div class=\"elementor-widget-wrap elementor-element-populated\">\n\t\t\t\t\t\t<div class=\"elementor-element elementor-element-4dd7282 elementor-widget elementor-widget-text-editor\" data-id=\"4dd7282\" data-element_type=\"widget\" data-e-type=\"widget\" data-widget_type=\"text-editor.default\">\n\t\t\t\t<div class=\"elementor-widget-container\">\n\t\t\t\t\t\t\t\t\t<p>Professionnellement, l&rsquo;AAEPN offre un lieu de rassemblement pour les membres : pour partager des informations sur la fa\u00e7on dont ils font leur travail ; partager des exp\u00e9riences qui peuvent \u00eatre les m\u00eames d\u00e9fis auxquels d&rsquo;autres sont confront\u00e9s ; et \u00e0 faire du r\u00e9seautage. Le r\u00e9seautage permet aux membres : de faire la lumi\u00e8re sur des probl\u00e8mes communs ; pour fournir un endroit pour acc\u00e9der \u00e0 l&rsquo;information en ligne ; et de fournir un moyen de communiquer rapidement. L&rsquo;AAEPN offre \u00e0 ses membres des programmes et des ateliers de formation, d&rsquo;\u00e9ducation et de certification en personne et via des plateformes virtuelles sur les connaissances, les comp\u00e9tences et les exp\u00e9riences requises par les administrateurs de l&rsquo;\u00e9ducation des Premi\u00e8res Nations. C&rsquo;est un endroit qui \u00e9tablit les normes, les le\u00e7ons apprises et les meilleures pratiques dans le domaine de l&rsquo;administration de l&rsquo;\u00e9ducation des Premi\u00e8res Nations.<\/p>\n\t\t\t\t\t\t\t\t<\/div>\n\t\t\t\t<\/div>\n\t\t\t\t\t<\/div>\n\t\t<\/div>\n\t\t\t\t<div class=\"elementor-column elementor-col-33 elementor-inner-column elementor-element elementor-element-d36a533\" data-id=\"d36a533\" data-element_type=\"column\" data-e-type=\"column\">\n\t\t\t<div class=\"elementor-widget-wrap elementor-element-populated\">\n\t\t\t\t\t\t<div class=\"elementor-element elementor-element-8882e95 elementor-widget elementor-widget-video\" data-id=\"8882e95\" data-element_type=\"widget\" data-e-type=\"widget\" data-settings=\"{&quot;youtube_url&quot;:&quot;https:\\\/\\\/www.youtube.com\\\/watch?v=7iiYsXZqYvU&quot;,&quot;video_type&quot;:&quot;youtube&quot;,&quot;controls&quot;:&quot;yes&quot;}\" data-widget_type=\"video.default\">\n\t\t\t\t<div class=\"elementor-widget-container\">\n\t\t\t\t\t\t\t<div class=\"elementor-wrapper elementor-open-inline\">\n\t\t\t<div class=\"elementor-video\"><\/div>\t\t<\/div>\n\t\t\t\t\t\t<\/div>\n\t\t\t\t<\/div>\n\t\t\t\t\t<\/div>\n\t\t<\/div>\n\t\t\t\t\t<\/div>\n\t\t<\/section>\n\t\t\t\t\t<\/div>\n\t\t<\/div>\n\t\t\t\t\t<\/div>\n\t\t<\/section>\n\t\t\t\t<section class=\"elementor-section elementor-top-section elementor-element elementor-element-c590860 elementor-section-boxed elementor-section-height-default elementor-section-height-default\" data-id=\"c590860\" data-element_type=\"section\" data-e-type=\"section\">\n\t\t\t\t\t\t<div class=\"elementor-container elementor-column-gap-default\">\n\t\t\t\t\t<div class=\"elementor-column elementor-col-100 elementor-top-column elementor-element elementor-element-3589af7\" data-id=\"3589af7\" data-element_type=\"column\" data-e-type=\"column\">\n\t\t\t<div class=\"elementor-widget-wrap elementor-element-populated\">\n\t\t\t\t\t\t<div class=\"elementor-element elementor-element-80121ae elementor-widget elementor-widget-text-editor\" data-id=\"80121ae\" data-element_type=\"widget\" data-e-type=\"widget\" data-widget_type=\"text-editor.default\">\n\t\t\t\t<div class=\"elementor-widget-container\">\n\t\t\t\t\t\t\t\t\t<p>L&rsquo;AAEPN organise \u00e9galement un rassemblement annuel national pour aider les membres \u00e0 atteindre et \u00e0 maintenir un niveau \u00e9lev\u00e9 de comp\u00e9tence dans la profession d&rsquo;administrateur de l&rsquo;\u00e9ducation des Premi\u00e8res Nations. Un autre avantage de devenir membre de l&rsquo;AAEPN est de nature personnelle o\u00f9 les membres peuvent apprendre \u00e0 mieux g\u00e9rer et \u00e9quilibrer leur vie, leur apprentissage et leur travail. L&rsquo;AAEPN fournit un endroit pour partager des informations sur la profession et ce que les autres font pour progresser et r\u00e9ussir. Il y a aussi un avantage financier \u00e0 \u00eatre membre de l&rsquo;AAEPN gr\u00e2ce \u00e0 des prix r\u00e9duits sur les produits et services de la FNEAA et l&rsquo;acc\u00e8s aux \u00e9tudes et rapports pertinents.<\/p>\n<h5>Valeur de l&rsquo;adh\u00e9sion<\/h5>\n<ul>\n<li>lieu de rassemblement<\/li>\n<li>endroit pour faire du r\u00e9seautage<\/li>\n<li>partager le r\u00e9seau d&rsquo;informations<\/li>\n<li>avoir un endroit s\u00e9curitaire pour dialoguer sur des questions sensibles et controvers\u00e9es (par exemple, un rassemblement virtuel)<\/li>\n<li>endroit pour demander de l&rsquo;aide<\/li>\n<li>fournir des outils et des mod\u00e8les (pour vous aider \u00e0 mieux travailler)<\/li>\n<li>normes professionnelles pour assurer une haute qualit\u00e9 et de hautes performances dans le domaine<\/li>\n<li>r\u00e9f\u00e9rence \u00e0 d&rsquo;autres<\/li>\n<li>faire avancer une discussion approfondie<\/li>\n<li>se concentrer sur les cultures des Premi\u00e8res Nations<\/li>\n<li>mettre l&rsquo;accent sur les langues des Premi\u00e8res Nations<\/li>\n<li>mettre l&rsquo;accent sur les connaissances des Premi\u00e8res Nations<\/li>\n<li>se concentrer sur l&rsquo;administration de l&rsquo;\u00e9ducation des Premi\u00e8res Nations<\/li>\n<\/ul>\n\t\t\t\t\t\t\t\t<\/div>\n\t\t\t\t<\/div>\n\t\t\t\t\t<\/div>\n\t\t<\/div>\n\t\t\t\t\t<\/div>\n\t\t<\/section>\n\t\t\t\t<section class=\"elementor-section elementor-top-section elementor-element elementor-element-ddd4555 elementor-section-boxed elementor-section-height-default elementor-section-height-default\" data-id=\"ddd4555\" data-element_type=\"section\" data-e-type=\"section\">\n\t\t\t\t\t\t<div class=\"elementor-container elementor-column-gap-default\">\n\t\t\t\t\t<div class=\"elementor-column elementor-col-100 elementor-top-column elementor-element elementor-element-476cd03\" data-id=\"476cd03\" data-element_type=\"column\" data-e-type=\"column\">\n\t\t\t<div class=\"elementor-widget-wrap elementor-element-populated\">\n\t\t\t\t\t\t<div class=\"elementor-element elementor-element-d90cda8 elementor-widget elementor-widget-text-editor\" data-id=\"d90cda8\" data-element_type=\"widget\" data-e-type=\"widget\" data-widget_type=\"text-editor.default\">\n\t\t\t\t<div class=\"elementor-widget-container\">\n\t\t\t\t\t\t\t\t\t<h4>Cat\u00e9gories d&rsquo;adh\u00e9sion<\/h4>\n<p>L&rsquo;Association des administrateurs de l&rsquo;\u00e9ducation des Premi\u00e8res Nations comptera cinq cat\u00e9gories de membres avec les d\u00e9finitions cl\u00e9s suivantes :<\/p>\n<ol>\n<li><strong>Membre r\u00e9gulier<\/strong> \u2013 Un membre r\u00e9gulier est toute personne int\u00e9ress\u00e9e \u00e0 promouvoir les objectifs de l&rsquo;Association.<\/li>\n<li><strong>Membre \u00e9tudiant<\/strong> \u2013 Un \u00e9tudiant doit \u00eatre tout \u00e9tudiant \u00e0 temps plein au niveau secondaire ou postsecondaire qui s&rsquo;int\u00e9resse \u00e0 la poursuite des objectifs de l&rsquo;Association.<\/li>\n<li><strong>Membre a\u00een\u00e9 traditionnel<\/strong> \u2013 Ce membre doit \u00eatre toute personne reconnue comme a\u00een\u00e9e traditionnelle au sein de la communaut\u00e9 des Premi\u00e8res Nations et int\u00e9ress\u00e9e \u00e0 promouvoir les objectifs de l&rsquo;Association.<\/li>\n<li><strong>Membre certifi\u00e9<\/strong> \u2013 Un membre certifi\u00e9 est tout membre r\u00e9gulier qui a termin\u00e9 le programme certifi\u00e9 de l&rsquo;Association et obtient la d\u00e9signation du programme.<\/li>\n<li><strong>Membre corporatif<\/strong> \u2013 Un membre corporatif est toute organisation qui souhaite contribuer \u00e0 l&rsquo;avancement de l&rsquo;\u00e9ducation des Premi\u00e8res Nations et qui est int\u00e9ress\u00e9e \u00e0 faire avancer les objectifs de l&rsquo;Association.<\/li>\n<\/ol>\n\t\t\t\t\t\t\t\t<\/div>\n\t\t\t\t<\/div>\n\t\t\t\t\t<\/div>\n\t\t<\/div>\n\t\t\t\t\t<\/div>\n\t\t<\/section>\n\t\t\t\t<section class=\"elementor-section elementor-top-section elementor-element elementor-element-b1b344f elementor-section-boxed elementor-section-height-default elementor-section-height-default\" data-id=\"b1b344f\" data-element_type=\"section\" data-e-type=\"section\">\n\t\t\t\t\t\t<div class=\"elementor-container elementor-column-gap-default\">\n\t\t\t\t\t<div class=\"elementor-column elementor-col-100 elementor-top-column elementor-element elementor-element-6de39f5\" data-id=\"6de39f5\" data-element_type=\"column\" data-e-type=\"column\">\n\t\t\t<div class=\"elementor-widget-wrap elementor-element-populated\">\n\t\t\t\t\t\t<div class=\"elementor-element elementor-element-c035003 elementor-widget elementor-widget-text-editor\" data-id=\"c035003\" data-element_type=\"widget\" data-e-type=\"widget\" data-widget_type=\"text-editor.default\">\n\t\t\t\t<div class=\"elementor-widget-container\">\n\t\t\t\t\t\t\t\t\t<p><a href=\"https:\/\/fneaa.ca\/fr\/devenir-membre-maintenant\/\" class=\"uc-all gl-btn\"><span>Faites votre demande maintenant<\/span><\/a><\/p>\n\t\t\t\t\t\t\t\t<\/div>\n\t\t\t\t<\/div>\n\t\t\t\t\t<\/div>\n\t\t<\/div>\n\t\t\t\t\t<\/div>\n\t\t<\/section>\n\t\t\t\t<\/div>\n\t\t","protected":false},"excerpt":{"rendered":"<p>\u00catre membre de ll&rsquo;AAEPN est d&rsquo;une grande valeur pour la profession d&rsquo;administrateur de l&rsquo;\u00e9ducation des Premi\u00e8res Nations, pour l&rsquo;organisation et personnellement pour le membre. Professionnellement, l&rsquo;AAEPN offre un lieu de rassemblement pour les membres : pour partager des informations sur la fa\u00e7on dont ils font leur travail ; partager des exp\u00e9riences qui peuvent \u00eatre les &hellip; <\/p>\n<p class=\"link-more\"><a href=\"https:\/\/fneaa.ca\/fr\/informations-sur-ladhesion\/\" class=\"more-link\">Continue reading<span class=\"screen-reader-text\"> \u00ab\u00a0Informations sur l&rsquo;adh\u00e9sion\u00a0\u00bb<\/span><\/a><\/p>\n","protected":false},"author":216,"featured_media":0,"parent":0,"menu_order":84,"comment_status":"closed","ping_status":"closed","template":"","meta":{"_eb_attr":"","footnotes":""},"class_list":["post-2721","page","type-page","status-publish","hentry"],"yoast_head":"<!-- This site is optimized with the Yoast SEO plugin v27.3 - https:\/\/yoast.com\/product\/yoast-seo-wordpress\/ -->\n<title>Informations sur l&#039;adh\u00e9sion - AAEPN<\/title>\n<meta name=\"robots\" content=\"index, follow, max-snippet:-1, max-image-preview:large, max-video-preview:-1\" \/>\n<link rel=\"canonical\" href=\"https:\/\/fneaa.ca\/fr\/informations-sur-ladhesion\/\" \/>\n<meta property=\"og:locale\" content=\"fr_FR\" \/>\n<meta property=\"og:type\" content=\"article\" \/>\n<meta property=\"og:title\" content=\"Informations sur l&#039;adh\u00e9sion - AAEPN\" \/>\n<meta property=\"og:description\" content=\"\u00catre membre de ll&rsquo;AAEPN est d&rsquo;une grande valeur pour la profession d&rsquo;administrateur de l&rsquo;\u00e9ducation des Premi\u00e8res Nations, pour l&rsquo;organisation et personnellement pour le membre. Professionnellement, l&rsquo;AAEPN offre un lieu de rassemblement pour les membres : pour partager des informations sur la fa\u00e7on dont ils font leur travail ; partager des exp\u00e9riences qui peuvent \u00eatre les &hellip; Continue reading &quot;Informations sur l&rsquo;adh\u00e9sion&quot;\" \/>\n<meta property=\"og:url\" content=\"https:\/\/fneaa.ca\/fr\/informations-sur-ladhesion\/\" \/>\n<meta property=\"og:site_name\" content=\"AAEPN\" \/>\n<meta property=\"article:publisher\" content=\"https:\/\/www.facebook.com\/FNEAA2019\" \/>\n<meta property=\"article:modified_time\" content=\"2021-12-15T19:59:06+00:00\" \/>\n<meta name=\"twitter:card\" content=\"summary_large_image\" \/>\n<meta name=\"twitter:site\" content=\"@FNEAA1\" \/>\n<meta name=\"twitter:label1\" content=\"Dur\u00e9e de lecture estim\u00e9e\" \/>\n\t<meta name=\"twitter:data1\" content=\"3 minutes\" \/>\n<script type=\"application\/ld+json\" class=\"yoast-schema-graph\">{\"@context\":\"https:\\\/\\\/schema.org\",\"@graph\":[{\"@type\":\"WebPage\",\"@id\":\"https:\\\/\\\/fneaa.ca\\\/fr\\\/informations-sur-ladhesion\\\/\",\"url\":\"https:\\\/\\\/fneaa.ca\\\/fr\\\/informations-sur-ladhesion\\\/\",\"name\":\"Informations sur l'adh\u00e9sion - AAEPN\",\"isPartOf\":{\"@id\":\"https:\\\/\\\/fneaa.ca\\\/#website\"},\"datePublished\":\"2021-12-15T19:05:11+00:00\",\"dateModified\":\"2021-12-15T19:59:06+00:00\",\"breadcrumb\":{\"@id\":\"https:\\\/\\\/fneaa.ca\\\/fr\\\/informations-sur-ladhesion\\\/#breadcrumb\"},\"inLanguage\":\"fr-FR\",\"potentialAction\":[{\"@type\":\"ReadAction\",\"target\":[\"https:\\\/\\\/fneaa.ca\\\/fr\\\/informations-sur-ladhesion\\\/\"]}]},{\"@type\":\"BreadcrumbList\",\"@id\":\"https:\\\/\\\/fneaa.ca\\\/fr\\\/informations-sur-ladhesion\\\/#breadcrumb\",\"itemListElement\":[{\"@type\":\"ListItem\",\"position\":1,\"name\":\"Home\",\"item\":\"https:\\\/\\\/fneaa.ca\\\/fr\\\/accueil\\\/\"},{\"@type\":\"ListItem\",\"position\":2,\"name\":\"Informations sur l&#8217;adh\u00e9sion\"}]},{\"@type\":\"WebSite\",\"@id\":\"https:\\\/\\\/fneaa.ca\\\/#website\",\"url\":\"https:\\\/\\\/fneaa.ca\\\/\",\"name\":\"FNEAA - First Nations Education Administrators Association\",\"description\":\"Association des administrateurs de l'\u00e9ducation des Premi\u00e8res Nations\",\"publisher\":{\"@id\":\"https:\\\/\\\/fneaa.ca\\\/#organization\"},\"potentialAction\":[{\"@type\":\"SearchAction\",\"target\":{\"@type\":\"EntryPoint\",\"urlTemplate\":\"https:\\\/\\\/fneaa.ca\\\/?s={search_term_string}\"},\"query-input\":{\"@type\":\"PropertyValueSpecification\",\"valueRequired\":true,\"valueName\":\"search_term_string\"}}],\"inLanguage\":\"fr-FR\"},{\"@type\":\"Organization\",\"@id\":\"https:\\\/\\\/fneaa.ca\\\/#organization\",\"name\":\"First Nations Education Administrators Association\",\"url\":\"https:\\\/\\\/fneaa.ca\\\/\",\"logo\":{\"@type\":\"ImageObject\",\"inLanguage\":\"fr-FR\",\"@id\":\"https:\\\/\\\/fneaa.ca\\\/#\\\/schema\\\/logo\\\/image\\\/\",\"url\":\"https:\\\/\\\/fneaa.ca\\\/wp-content\\\/uploads\\\/2021\\\/09\\\/fneaa_logo.svg\",\"contentUrl\":\"https:\\\/\\\/fneaa.ca\\\/wp-content\\\/uploads\\\/2021\\\/09\\\/fneaa_logo.svg\",\"width\":367,\"height\":105,\"caption\":\"First Nations Education Administrators Association\"},\"image\":{\"@id\":\"https:\\\/\\\/fneaa.ca\\\/#\\\/schema\\\/logo\\\/image\\\/\"},\"sameAs\":[\"https:\\\/\\\/www.facebook.com\\\/FNEAA2019\",\"https:\\\/\\\/x.com\\\/FNEAA1\",\"https:\\\/\\\/www.instagram.com\\\/fneaa1\\\/?hl=en\"]}]}<\/script>\n<!-- \/ Yoast SEO plugin. -->","yoast_head_json":{"title":"Informations sur l'adh\u00e9sion - AAEPN","robots":{"index":"index","follow":"follow","max-snippet":"max-snippet:-1","max-image-preview":"max-image-preview:large","max-video-preview":"max-video-preview:-1"},"canonical":"https:\/\/fneaa.ca\/fr\/informations-sur-ladhesion\/","og_locale":"fr_FR","og_type":"article","og_title":"Informations sur l'adh\u00e9sion - AAEPN","og_description":"\u00catre membre de ll&rsquo;AAEPN est d&rsquo;une grande valeur pour la profession d&rsquo;administrateur de l&rsquo;\u00e9ducation des Premi\u00e8res Nations, pour l&rsquo;organisation et personnellement pour le membre. Professionnellement, l&rsquo;AAEPN offre un lieu de rassemblement pour les membres : pour partager des informations sur la fa\u00e7on dont ils font leur travail ; partager des exp\u00e9riences qui peuvent \u00eatre les &hellip; Continue reading \"Informations sur l&rsquo;adh\u00e9sion\"","og_url":"https:\/\/fneaa.ca\/fr\/informations-sur-ladhesion\/","og_site_name":"AAEPN","article_publisher":"https:\/\/www.facebook.com\/FNEAA2019","article_modified_time":"2021-12-15T19:59:06+00:00","twitter_card":"summary_large_image","twitter_site":"@FNEAA1","twitter_misc":{"Dur\u00e9e de lecture estim\u00e9e":"3 minutes"},"schema":{"@context":"https:\/\/schema.org","@graph":[{"@type":"WebPage","@id":"https:\/\/fneaa.ca\/fr\/informations-sur-ladhesion\/","url":"https:\/\/fneaa.ca\/fr\/informations-sur-ladhesion\/","name":"Informations sur l'adh\u00e9sion - AAEPN","isPartOf":{"@id":"https:\/\/fneaa.ca\/#website"},"datePublished":"2021-12-15T19:05:11+00:00","dateModified":"2021-12-15T19:59:06+00:00","breadcrumb":{"@id":"https:\/\/fneaa.ca\/fr\/informations-sur-ladhesion\/#breadcrumb"},"inLanguage":"fr-FR","potentialAction":[{"@type":"ReadAction","target":["https:\/\/fneaa.ca\/fr\/informations-sur-ladhesion\/"]}]},{"@type":"BreadcrumbList","@id":"https:\/\/fneaa.ca\/fr\/informations-sur-ladhesion\/#breadcrumb","itemListElement":[{"@type":"ListItem","position":1,"name":"Home","item":"https:\/\/fneaa.ca\/fr\/accueil\/"},{"@type":"ListItem","position":2,"name":"Informations sur l&#8217;adh\u00e9sion"}]},{"@type":"WebSite","@id":"https:\/\/fneaa.ca\/#website","url":"https:\/\/fneaa.ca\/","name":"FNEAA - First Nations Education Administrators Association","description":"Association des administrateurs de l'\u00e9ducation des Premi\u00e8res Nations","publisher":{"@id":"https:\/\/fneaa.ca\/#organization"},"potentialAction":[{"@type":"SearchAction","target":{"@type":"EntryPoint","urlTemplate":"https:\/\/fneaa.ca\/?s={search_term_string}"},"query-input":{"@type":"PropertyValueSpecification","valueRequired":true,"valueName":"search_term_string"}}],"inLanguage":"fr-FR"},{"@type":"Organization","@id":"https:\/\/fneaa.ca\/#organization","name":"First Nations Education Administrators Association","url":"https:\/\/fneaa.ca\/","logo":{"@type":"ImageObject","inLanguage":"fr-FR","@id":"https:\/\/fneaa.ca\/#\/schema\/logo\/image\/","url":"https:\/\/fneaa.ca\/wp-content\/uploads\/2021\/09\/fneaa_logo.svg","contentUrl":"https:\/\/fneaa.ca\/wp-content\/uploads\/2021\/09\/fneaa_logo.svg","width":367,"height":105,"caption":"First Nations Education Administrators Association"},"image":{"@id":"https:\/\/fneaa.ca\/#\/schema\/logo\/image\/"},"sameAs":["https:\/\/www.facebook.com\/FNEAA2019","https:\/\/x.com\/FNEAA1","https:\/\/www.instagram.com\/fneaa1\/?hl=en"]}]}},"_links":{"self":[{"href":"https:\/\/fneaa.ca\/fr\/wp-json\/wp\/v2\/pages\/2721","targetHints":{"allow":["GET"]}}],"collection":[{"href":"https:\/\/fneaa.ca\/fr\/wp-json\/wp\/v2\/pages"}],"about":[{"href":"https:\/\/fneaa.ca\/fr\/wp-json\/wp\/v2\/types\/page"}],"author":[{"embeddable":true,"href":"https:\/\/fneaa.ca\/fr\/wp-json\/wp\/v2\/users\/216"}],"replies":[{"embeddable":true,"href":"https:\/\/fneaa.ca\/fr\/wp-json\/wp\/v2\/comments?post=2721"}],"version-history":[{"count":0,"href":"https:\/\/fneaa.ca\/fr\/wp-json\/wp\/v2\/pages\/2721\/revisions"}],"wp:attachment":[{"href":"https:\/\/fneaa.ca\/fr\/wp-json\/wp\/v2\/media?parent=2721"}],"curies":[{"name":"wp","href":"https:\/\/api.w.org\/{rel}","templated":true}]}}