
{"id":2712,"date":"2021-12-15T13:44:22","date_gmt":"2021-12-15T18:44:22","guid":{"rendered":"https:\/\/fneaa.ca\/conception-et-livraison\/"},"modified":"2021-12-16T10:25:39","modified_gmt":"2021-12-16T15:25:39","slug":"conception-et-livraison","status":"publish","type":"page","link":"https:\/\/fneaa.ca\/fr\/conception-et-livraison\/","title":{"rendered":"Conception et livraison"},"content":{"rendered":"\t\t<div data-elementor-type=\"wp-page\" data-elementor-id=\"2712\" class=\"elementor elementor-2712 elementor-220\" data-elementor-post-type=\"page\">\n\t\t\t\t\t\t<section class=\"elementor-section elementor-top-section elementor-element elementor-element-982597b elementor-section-boxed elementor-section-height-default elementor-section-height-default\" data-id=\"982597b\" data-element_type=\"section\" data-e-type=\"section\">\n\t\t\t\t\t\t<div class=\"elementor-container elementor-column-gap-default\">\n\t\t\t\t\t<div class=\"elementor-column elementor-col-100 elementor-top-column elementor-element elementor-element-4cdd3d4\" data-id=\"4cdd3d4\" data-element_type=\"column\" data-e-type=\"column\">\n\t\t\t<div class=\"elementor-widget-wrap elementor-element-populated\">\n\t\t\t\t\t\t<div class=\"elementor-element elementor-element-528ecd0 elementor-widget elementor-widget-text-editor\" data-id=\"528ecd0\" data-element_type=\"widget\" data-e-type=\"widget\" data-widget_type=\"text-editor.default\">\n\t\t\t\t<div class=\"elementor-widget-container\">\n\t\t\t\t\t\t\t\t\t<h4 class=\"header-border mb-40\">L&rsquo;AAEPN poss\u00e8de une expertise interne pour concevoir, d\u00e9velopper et offrir des cours ou des ateliers de renforcement des capacit\u00e9s qui r\u00e9pondent aux besoins et aux exigences uniques des communaut\u00e9s des Premi\u00e8res Nations et des administrateurs de l&rsquo;\u00e9ducation des Premi\u00e8res Nations.<\/h4>\n<p>Le personnel de l&rsquo;AAEPN a entrepris avec succ\u00e8s la recherche, le d\u00e9veloppement et la prestation d&rsquo;ateliers de formation, de certification et d&rsquo;\u00e9ducation aux Premi\u00e8res Nations. Cela comprend un large \u00e9ventail de sujets, notamment l&rsquo;administration, la gestion et la programmation culturelle pour l&rsquo;\u00e9ducation des Premi\u00e8res Nations.<\/p>\n<p>Ces services comprennent les suivants :<\/p>\n<ul>\n<li>Conception et d\u00e9veloppement de programmes, cours et ateliers<\/li>\n<li>Services d&rsquo;animation<\/li>\n<\/ul>\n\t\t\t\t\t\t\t\t<\/div>\n\t\t\t\t<\/div>\n\t\t\t\t\t<\/div>\n\t\t<\/div>\n\t\t\t\t\t<\/div>\n\t\t<\/section>\n\t\t\t\t<\/div>\n\t\t","protected":false},"excerpt":{"rendered":"<p>L&rsquo;AAEPN poss\u00e8de une expertise interne pour concevoir, d\u00e9velopper et offrir des cours ou des ateliers de renforcement des capacit\u00e9s qui r\u00e9pondent aux besoins et aux exigences uniques des communaut\u00e9s des Premi\u00e8res Nations et des administrateurs de l&rsquo;\u00e9ducation des Premi\u00e8res Nations. Le personnel de l&rsquo;AAEPN a entrepris avec succ\u00e8s la recherche, le d\u00e9veloppement et la prestation &hellip; <\/p>\n<p class=\"link-more\"><a href=\"https:\/\/fneaa.ca\/fr\/conception-et-livraison\/\" class=\"more-link\">Continue reading<span class=\"screen-reader-text\"> \u00ab\u00a0Conception et livraison\u00a0\u00bb<\/span><\/a><\/p>\n","protected":false},"author":216,"featured_media":0,"parent":0,"menu_order":62,"comment_status":"closed","ping_status":"closed","template":"","meta":{"_eb_attr":"","footnotes":""},"class_list":["post-2712","page","type-page","status-publish","hentry"],"yoast_head":"<!-- This site is optimized with the Yoast SEO plugin v27.3 - https:\/\/yoast.com\/product\/yoast-seo-wordpress\/ -->\n<title>Conception et livraison - AAEPN<\/title>\n<meta name=\"robots\" content=\"index, follow, max-snippet:-1, max-image-preview:large, max-video-preview:-1\" \/>\n<link rel=\"canonical\" href=\"https:\/\/fneaa.ca\/fr\/conception-et-livraison\/\" \/>\n<meta property=\"og:locale\" content=\"fr_FR\" \/>\n<meta property=\"og:type\" content=\"article\" \/>\n<meta property=\"og:title\" content=\"Conception et livraison - AAEPN\" \/>\n<meta property=\"og:description\" content=\"L&rsquo;AAEPN poss\u00e8de une expertise interne pour concevoir, d\u00e9velopper et offrir des cours ou des ateliers de renforcement des capacit\u00e9s qui r\u00e9pondent aux besoins et aux exigences uniques des communaut\u00e9s des Premi\u00e8res Nations et des administrateurs de l&rsquo;\u00e9ducation des Premi\u00e8res Nations. Le personnel de l&rsquo;AAEPN a entrepris avec succ\u00e8s la recherche, le d\u00e9veloppement et la prestation &hellip; Continue reading &quot;Conception et livraison&quot;\" \/>\n<meta property=\"og:url\" content=\"https:\/\/fneaa.ca\/fr\/conception-et-livraison\/\" \/>\n<meta property=\"og:site_name\" content=\"AAEPN\" \/>\n<meta property=\"article:publisher\" content=\"https:\/\/www.facebook.com\/FNEAA2019\" \/>\n<meta property=\"article:modified_time\" content=\"2021-12-16T15:25:39+00:00\" \/>\n<meta name=\"twitter:card\" content=\"summary_large_image\" \/>\n<meta name=\"twitter:site\" content=\"@FNEAA1\" \/>\n<meta name=\"twitter:label1\" content=\"Dur\u00e9e de lecture estim\u00e9e\" \/>\n\t<meta name=\"twitter:data1\" content=\"1 minute\" \/>\n<script type=\"application\/ld+json\" class=\"yoast-schema-graph\">{\"@context\":\"https:\\\/\\\/schema.org\",\"@graph\":[{\"@type\":\"WebPage\",\"@id\":\"https:\\\/\\\/fneaa.ca\\\/fr\\\/conception-et-livraison\\\/\",\"url\":\"https:\\\/\\\/fneaa.ca\\\/fr\\\/conception-et-livraison\\\/\",\"name\":\"Conception et livraison - AAEPN\",\"isPartOf\":{\"@id\":\"https:\\\/\\\/fneaa.ca\\\/#website\"},\"datePublished\":\"2021-12-15T18:44:22+00:00\",\"dateModified\":\"2021-12-16T15:25:39+00:00\",\"breadcrumb\":{\"@id\":\"https:\\\/\\\/fneaa.ca\\\/fr\\\/conception-et-livraison\\\/#breadcrumb\"},\"inLanguage\":\"fr-FR\",\"potentialAction\":[{\"@type\":\"ReadAction\",\"target\":[\"https:\\\/\\\/fneaa.ca\\\/fr\\\/conception-et-livraison\\\/\"]}]},{\"@type\":\"BreadcrumbList\",\"@id\":\"https:\\\/\\\/fneaa.ca\\\/fr\\\/conception-et-livraison\\\/#breadcrumb\",\"itemListElement\":[{\"@type\":\"ListItem\",\"position\":1,\"name\":\"Home\",\"item\":\"https:\\\/\\\/fneaa.ca\\\/fr\\\/accueil\\\/\"},{\"@type\":\"ListItem\",\"position\":2,\"name\":\"Conception et livraison\"}]},{\"@type\":\"WebSite\",\"@id\":\"https:\\\/\\\/fneaa.ca\\\/#website\",\"url\":\"https:\\\/\\\/fneaa.ca\\\/\",\"name\":\"FNEAA - First Nations Education Administrators Association\",\"description\":\"Association des administrateurs de l'\u00e9ducation des Premi\u00e8res Nations\",\"publisher\":{\"@id\":\"https:\\\/\\\/fneaa.ca\\\/#organization\"},\"potentialAction\":[{\"@type\":\"SearchAction\",\"target\":{\"@type\":\"EntryPoint\",\"urlTemplate\":\"https:\\\/\\\/fneaa.ca\\\/?s={search_term_string}\"},\"query-input\":{\"@type\":\"PropertyValueSpecification\",\"valueRequired\":true,\"valueName\":\"search_term_string\"}}],\"inLanguage\":\"fr-FR\"},{\"@type\":\"Organization\",\"@id\":\"https:\\\/\\\/fneaa.ca\\\/#organization\",\"name\":\"First Nations Education Administrators Association\",\"url\":\"https:\\\/\\\/fneaa.ca\\\/\",\"logo\":{\"@type\":\"ImageObject\",\"inLanguage\":\"fr-FR\",\"@id\":\"https:\\\/\\\/fneaa.ca\\\/#\\\/schema\\\/logo\\\/image\\\/\",\"url\":\"https:\\\/\\\/fneaa.ca\\\/wp-content\\\/uploads\\\/2021\\\/09\\\/fneaa_logo.svg\",\"contentUrl\":\"https:\\\/\\\/fneaa.ca\\\/wp-content\\\/uploads\\\/2021\\\/09\\\/fneaa_logo.svg\",\"width\":367,\"height\":105,\"caption\":\"First Nations Education Administrators Association\"},\"image\":{\"@id\":\"https:\\\/\\\/fneaa.ca\\\/#\\\/schema\\\/logo\\\/image\\\/\"},\"sameAs\":[\"https:\\\/\\\/www.facebook.com\\\/FNEAA2019\",\"https:\\\/\\\/x.com\\\/FNEAA1\",\"https:\\\/\\\/www.instagram.com\\\/fneaa1\\\/?hl=en\"]}]}<\/script>\n<!-- \/ Yoast SEO plugin. -->","yoast_head_json":{"title":"Conception et livraison - AAEPN","robots":{"index":"index","follow":"follow","max-snippet":"max-snippet:-1","max-image-preview":"max-image-preview:large","max-video-preview":"max-video-preview:-1"},"canonical":"https:\/\/fneaa.ca\/fr\/conception-et-livraison\/","og_locale":"fr_FR","og_type":"article","og_title":"Conception et livraison - AAEPN","og_description":"L&rsquo;AAEPN poss\u00e8de une expertise interne pour concevoir, d\u00e9velopper et offrir des cours ou des ateliers de renforcement des capacit\u00e9s qui r\u00e9pondent aux besoins et aux exigences uniques des communaut\u00e9s des Premi\u00e8res Nations et des administrateurs de l&rsquo;\u00e9ducation des Premi\u00e8res Nations. Le personnel de l&rsquo;AAEPN a entrepris avec succ\u00e8s la recherche, le d\u00e9veloppement et la prestation &hellip; Continue reading \"Conception et livraison\"","og_url":"https:\/\/fneaa.ca\/fr\/conception-et-livraison\/","og_site_name":"AAEPN","article_publisher":"https:\/\/www.facebook.com\/FNEAA2019","article_modified_time":"2021-12-16T15:25:39+00:00","twitter_card":"summary_large_image","twitter_site":"@FNEAA1","twitter_misc":{"Dur\u00e9e de lecture estim\u00e9e":"1 minute"},"schema":{"@context":"https:\/\/schema.org","@graph":[{"@type":"WebPage","@id":"https:\/\/fneaa.ca\/fr\/conception-et-livraison\/","url":"https:\/\/fneaa.ca\/fr\/conception-et-livraison\/","name":"Conception et livraison - AAEPN","isPartOf":{"@id":"https:\/\/fneaa.ca\/#website"},"datePublished":"2021-12-15T18:44:22+00:00","dateModified":"2021-12-16T15:25:39+00:00","breadcrumb":{"@id":"https:\/\/fneaa.ca\/fr\/conception-et-livraison\/#breadcrumb"},"inLanguage":"fr-FR","potentialAction":[{"@type":"ReadAction","target":["https:\/\/fneaa.ca\/fr\/conception-et-livraison\/"]}]},{"@type":"BreadcrumbList","@id":"https:\/\/fneaa.ca\/fr\/conception-et-livraison\/#breadcrumb","itemListElement":[{"@type":"ListItem","position":1,"name":"Home","item":"https:\/\/fneaa.ca\/fr\/accueil\/"},{"@type":"ListItem","position":2,"name":"Conception et livraison"}]},{"@type":"WebSite","@id":"https:\/\/fneaa.ca\/#website","url":"https:\/\/fneaa.ca\/","name":"FNEAA - First Nations Education Administrators Association","description":"Association des administrateurs de l'\u00e9ducation des Premi\u00e8res Nations","publisher":{"@id":"https:\/\/fneaa.ca\/#organization"},"potentialAction":[{"@type":"SearchAction","target":{"@type":"EntryPoint","urlTemplate":"https:\/\/fneaa.ca\/?s={search_term_string}"},"query-input":{"@type":"PropertyValueSpecification","valueRequired":true,"valueName":"search_term_string"}}],"inLanguage":"fr-FR"},{"@type":"Organization","@id":"https:\/\/fneaa.ca\/#organization","name":"First Nations Education Administrators Association","url":"https:\/\/fneaa.ca\/","logo":{"@type":"ImageObject","inLanguage":"fr-FR","@id":"https:\/\/fneaa.ca\/#\/schema\/logo\/image\/","url":"https:\/\/fneaa.ca\/wp-content\/uploads\/2021\/09\/fneaa_logo.svg","contentUrl":"https:\/\/fneaa.ca\/wp-content\/uploads\/2021\/09\/fneaa_logo.svg","width":367,"height":105,"caption":"First Nations Education Administrators Association"},"image":{"@id":"https:\/\/fneaa.ca\/#\/schema\/logo\/image\/"},"sameAs":["https:\/\/www.facebook.com\/FNEAA2019","https:\/\/x.com\/FNEAA1","https:\/\/www.instagram.com\/fneaa1\/?hl=en"]}]}},"_links":{"self":[{"href":"https:\/\/fneaa.ca\/fr\/wp-json\/wp\/v2\/pages\/2712","targetHints":{"allow":["GET"]}}],"collection":[{"href":"https:\/\/fneaa.ca\/fr\/wp-json\/wp\/v2\/pages"}],"about":[{"href":"https:\/\/fneaa.ca\/fr\/wp-json\/wp\/v2\/types\/page"}],"author":[{"embeddable":true,"href":"https:\/\/fneaa.ca\/fr\/wp-json\/wp\/v2\/users\/216"}],"replies":[{"embeddable":true,"href":"https:\/\/fneaa.ca\/fr\/wp-json\/wp\/v2\/comments?post=2712"}],"version-history":[{"count":0,"href":"https:\/\/fneaa.ca\/fr\/wp-json\/wp\/v2\/pages\/2712\/revisions"}],"wp:attachment":[{"href":"https:\/\/fneaa.ca\/fr\/wp-json\/wp\/v2\/media?parent=2712"}],"curies":[{"name":"wp","href":"https:\/\/api.w.org\/{rel}","templated":true}]}}