
{"id":2710,"date":"2021-12-15T13:43:03","date_gmt":"2021-12-15T18:43:03","guid":{"rendered":"https:\/\/fneaa.ca\/ateliers-et-webinaires-virtuels\/"},"modified":"2021-12-16T10:39:58","modified_gmt":"2021-12-16T15:39:58","slug":"ateliers-et-webinaires-virtuels","status":"publish","type":"page","link":"https:\/\/fneaa.ca\/fr\/ateliers-et-webinaires-virtuels\/","title":{"rendered":"Ateliers et webinaires virtuels"},"content":{"rendered":"\t\t<div data-elementor-type=\"wp-page\" data-elementor-id=\"2710\" class=\"elementor elementor-2710 elementor-723\" data-elementor-post-type=\"page\">\n\t\t\t\t\t\t<section class=\"elementor-section elementor-top-section elementor-element elementor-element-502e217 elementor-section-boxed elementor-section-height-default elementor-section-height-default\" data-id=\"502e217\" data-element_type=\"section\" data-e-type=\"section\">\n\t\t\t\t\t\t<div class=\"elementor-container elementor-column-gap-default\">\n\t\t\t\t\t<div class=\"elementor-column elementor-col-100 elementor-top-column elementor-element elementor-element-215f24c\" data-id=\"215f24c\" data-element_type=\"column\" data-e-type=\"column\">\n\t\t\t<div class=\"elementor-widget-wrap elementor-element-populated\">\n\t\t\t\t\t\t<div class=\"elementor-element elementor-element-853199e elementor-widget elementor-widget-text-editor\" data-id=\"853199e\" data-element_type=\"widget\" data-e-type=\"widget\" data-widget_type=\"text-editor.default\">\n\t\t\t\t<div class=\"elementor-widget-container\">\n\t\t\t\t\t\t\t\t\t<h4>L&rsquo;AAEPN est heureuse de vous inviter \u00e0 vous inscrire \u00e0 nos prochains webinaires virtuels.<\/h4>\n<p>L&rsquo;Association des administrateurs de l&rsquo;\u00e9ducation des Premi\u00e8res Nations <span class=\"s1\">(AAEPN)<\/span> propose plusieurs webinaires de perfectionnement professionnel con\u00e7us pour les administrateurs et les organisations en \u00e9ducation des Premi\u00e8res Nations, en fonction de leurs besoins et de leurs priorit\u00e9s. Les webinaires du cours de l&rsquo;AAEPN sont offerts \u00e0 l&rsquo;aide de la plateforme Zoom.<\/p>\n<p><span class=\"s2\">Ces webinaires comprennent des webinaires de deux jours (divis\u00e9s en quatre sessions de 2,5 heures) et des webinaires de quatre jours (divis\u00e9s en huit sessions de 2,5 heures). <\/span>Tous les webinaires programm\u00e9s seront livr\u00e9s en blocs de deux s\u00e9ances qui se d\u00e9rouleront du <strong>11h00 \u00e0 17h00 HNE <\/strong>avec une pause de 30 minutes entre chaque s\u00e9ance. Apprenez dans le confort de votre propre maison, de n&rsquo;importe o\u00f9 \u00e0 travers le pays.<\/p>\n<p class=\"p4\"><strong>6 nouveaux webinaires :<span class=\"Apple-converted-space\"> <\/span><\/strong><\/p>\n<p class=\"p5\">1. Innovation pour la r\u00e9conciliation en \u00e9ducation des Premi\u00e8res Nations <span class=\"Apple-converted-space\"><br \/> <\/span> 2. Atteindre l&rsquo;excellence personnelle en \u00e9ducation (intelligence \u00e9motionnelle) <span class=\"Apple-converted-space\"><br \/> <\/span> 3. Ententes avec des Premi\u00e8res Nations en mati\u00e8re l&rsquo;\u00e9ducation <span class=\"Apple-converted-space\"> <br \/><\/span> 4. N\u00e9gociation des ententes avec des Premi\u00e8res Nations en mati\u00e8re l&rsquo;\u00e9ducation <span class=\"Apple-converted-space\"><br \/> <\/span> 5. Gouvernance de l&rsquo;\u00e9ducation des Premi\u00e8res Nations <span class=\"Apple-converted-space\"> <br \/><\/span> <span class=\"s3\">6.<\/span> Leadership en \u00e9ducation des Premi\u00e8res Nations<span class=\"Apple-converted-space\"> <\/span><\/p>\n<p class=\"p4\"><strong>2 webinaires populaires :<span class=\"Apple-converted-space\"> <\/span><\/strong><\/p>\n<p class=\"p5\">7. Trouver et embaucher les meilleurs talents<span class=\"Apple-converted-space\"> <br \/><\/span>8. Prendre des mesures correctives<span class=\"Apple-converted-space\"> <\/span><\/p>\n<p>Le personnel de l&rsquo; AAEPN travaillera avec vous pour prendre des dispositions afin d&rsquo;offrir un webinaire de cours \u00e0 votre personnel et aux dirigeants \u00e9lus \u00e0 un moment qui vous convient.<\/p>\n<p>Pour plus d&rsquo;informations, consultez notre <a href=\"https:\/\/fneaa.ca\/fr\/webinaires-virtuels\/\">page de webinaire virtuel<\/a> <a class=\"\" href=\"https:\/\/www.fneaa.ca\/FNEAA\/Events\/Webinars.aspx\">.<\/a><\/p>\n\t\t\t\t\t\t\t\t<\/div>\n\t\t\t\t<\/div>\n\t\t\t\t\t<\/div>\n\t\t<\/div>\n\t\t\t\t\t<\/div>\n\t\t<\/section>\n\t\t\t\t<\/div>\n\t\t","protected":false},"excerpt":{"rendered":"<p>L&rsquo;AAEPN est heureuse de vous inviter \u00e0 vous inscrire \u00e0 nos prochains webinaires virtuels. L&rsquo;Association des administrateurs de l&rsquo;\u00e9ducation des Premi\u00e8res Nations (AAEPN) propose plusieurs webinaires de perfectionnement professionnel con\u00e7us pour les administrateurs et les organisations en \u00e9ducation des Premi\u00e8res Nations, en fonction de leurs besoins et de leurs priorit\u00e9s. Les webinaires du cours de &hellip; <\/p>\n<p class=\"link-more\"><a href=\"https:\/\/fneaa.ca\/fr\/ateliers-et-webinaires-virtuels\/\" class=\"more-link\">Continue reading<span class=\"screen-reader-text\"> \u00ab\u00a0Ateliers et webinaires virtuels\u00a0\u00bb<\/span><\/a><\/p>\n","protected":false},"author":216,"featured_media":0,"parent":0,"menu_order":144,"comment_status":"closed","ping_status":"closed","template":"","meta":{"_eb_attr":"","footnotes":""},"class_list":["post-2710","page","type-page","status-publish","hentry"],"yoast_head":"<!-- This site is optimized with the Yoast SEO plugin v27.5 - https:\/\/yoast.com\/product\/yoast-seo-wordpress\/ -->\n<title>Ateliers et webinaires virtuels - AAEPN<\/title>\n<meta name=\"robots\" content=\"index, follow, max-snippet:-1, max-image-preview:large, max-video-preview:-1\" \/>\n<link rel=\"canonical\" href=\"https:\/\/fneaa.ca\/fr\/ateliers-et-webinaires-virtuels\/\" \/>\n<meta property=\"og:locale\" content=\"fr_FR\" \/>\n<meta property=\"og:type\" content=\"article\" \/>\n<meta property=\"og:title\" content=\"Ateliers et webinaires virtuels - AAEPN\" \/>\n<meta property=\"og:description\" content=\"L&rsquo;AAEPN est heureuse de vous inviter \u00e0 vous inscrire \u00e0 nos prochains webinaires virtuels. L&rsquo;Association des administrateurs de l&rsquo;\u00e9ducation des Premi\u00e8res Nations (AAEPN) propose plusieurs webinaires de perfectionnement professionnel con\u00e7us pour les administrateurs et les organisations en \u00e9ducation des Premi\u00e8res Nations, en fonction de leurs besoins et de leurs priorit\u00e9s. Les webinaires du cours de &hellip; Continue reading &quot;Ateliers et webinaires virtuels&quot;\" \/>\n<meta property=\"og:url\" content=\"https:\/\/fneaa.ca\/fr\/ateliers-et-webinaires-virtuels\/\" \/>\n<meta property=\"og:site_name\" content=\"AAEPN\" \/>\n<meta property=\"article:publisher\" content=\"https:\/\/www.facebook.com\/FNEAA2019\" \/>\n<meta property=\"article:modified_time\" content=\"2021-12-16T15:39:58+00:00\" \/>\n<meta name=\"twitter:card\" content=\"summary_large_image\" \/>\n<meta name=\"twitter:site\" content=\"@FNEAA1\" \/>\n<meta name=\"twitter:label1\" content=\"Dur\u00e9e de lecture estim\u00e9e\" \/>\n\t<meta name=\"twitter:data1\" content=\"1 minute\" \/>\n<script type=\"application\/ld+json\" class=\"yoast-schema-graph\">{\"@context\":\"https:\\\/\\\/schema.org\",\"@graph\":[{\"@type\":\"WebPage\",\"@id\":\"https:\\\/\\\/fneaa.ca\\\/fr\\\/ateliers-et-webinaires-virtuels\\\/\",\"url\":\"https:\\\/\\\/fneaa.ca\\\/fr\\\/ateliers-et-webinaires-virtuels\\\/\",\"name\":\"Ateliers et webinaires virtuels - AAEPN\",\"isPartOf\":{\"@id\":\"https:\\\/\\\/fneaa.ca\\\/#website\"},\"datePublished\":\"2021-12-15T18:43:03+00:00\",\"dateModified\":\"2021-12-16T15:39:58+00:00\",\"breadcrumb\":{\"@id\":\"https:\\\/\\\/fneaa.ca\\\/fr\\\/ateliers-et-webinaires-virtuels\\\/#breadcrumb\"},\"inLanguage\":\"fr-FR\",\"potentialAction\":[{\"@type\":\"ReadAction\",\"target\":[\"https:\\\/\\\/fneaa.ca\\\/fr\\\/ateliers-et-webinaires-virtuels\\\/\"]}]},{\"@type\":\"BreadcrumbList\",\"@id\":\"https:\\\/\\\/fneaa.ca\\\/fr\\\/ateliers-et-webinaires-virtuels\\\/#breadcrumb\",\"itemListElement\":[{\"@type\":\"ListItem\",\"position\":1,\"name\":\"Home\",\"item\":\"https:\\\/\\\/fneaa.ca\\\/fr\\\/accueil\\\/\"},{\"@type\":\"ListItem\",\"position\":2,\"name\":\"Ateliers et webinaires virtuels\"}]},{\"@type\":\"WebSite\",\"@id\":\"https:\\\/\\\/fneaa.ca\\\/#website\",\"url\":\"https:\\\/\\\/fneaa.ca\\\/\",\"name\":\"FNEAA - First Nations Education Administrators Association\",\"description\":\"Association des administrateurs de l'\u00e9ducation des Premi\u00e8res Nations\",\"publisher\":{\"@id\":\"https:\\\/\\\/fneaa.ca\\\/#organization\"},\"potentialAction\":[{\"@type\":\"SearchAction\",\"target\":{\"@type\":\"EntryPoint\",\"urlTemplate\":\"https:\\\/\\\/fneaa.ca\\\/?s={search_term_string}\"},\"query-input\":{\"@type\":\"PropertyValueSpecification\",\"valueRequired\":true,\"valueName\":\"search_term_string\"}}],\"inLanguage\":\"fr-FR\"},{\"@type\":\"Organization\",\"@id\":\"https:\\\/\\\/fneaa.ca\\\/#organization\",\"name\":\"First Nations Education Administrators Association\",\"url\":\"https:\\\/\\\/fneaa.ca\\\/\",\"logo\":{\"@type\":\"ImageObject\",\"inLanguage\":\"fr-FR\",\"@id\":\"https:\\\/\\\/fneaa.ca\\\/#\\\/schema\\\/logo\\\/image\\\/\",\"url\":\"https:\\\/\\\/fneaa.ca\\\/wp-content\\\/uploads\\\/2021\\\/09\\\/fneaa_logo.svg\",\"contentUrl\":\"https:\\\/\\\/fneaa.ca\\\/wp-content\\\/uploads\\\/2021\\\/09\\\/fneaa_logo.svg\",\"width\":367,\"height\":105,\"caption\":\"First Nations Education Administrators Association\"},\"image\":{\"@id\":\"https:\\\/\\\/fneaa.ca\\\/#\\\/schema\\\/logo\\\/image\\\/\"},\"sameAs\":[\"https:\\\/\\\/www.facebook.com\\\/FNEAA2019\",\"https:\\\/\\\/x.com\\\/FNEAA1\",\"https:\\\/\\\/www.instagram.com\\\/fneaa1\\\/?hl=en\"]}]}<\/script>\n<!-- \/ Yoast SEO plugin. -->","yoast_head_json":{"title":"Ateliers et webinaires virtuels - AAEPN","robots":{"index":"index","follow":"follow","max-snippet":"max-snippet:-1","max-image-preview":"max-image-preview:large","max-video-preview":"max-video-preview:-1"},"canonical":"https:\/\/fneaa.ca\/fr\/ateliers-et-webinaires-virtuels\/","og_locale":"fr_FR","og_type":"article","og_title":"Ateliers et webinaires virtuels - AAEPN","og_description":"L&rsquo;AAEPN est heureuse de vous inviter \u00e0 vous inscrire \u00e0 nos prochains webinaires virtuels. L&rsquo;Association des administrateurs de l&rsquo;\u00e9ducation des Premi\u00e8res Nations (AAEPN) propose plusieurs webinaires de perfectionnement professionnel con\u00e7us pour les administrateurs et les organisations en \u00e9ducation des Premi\u00e8res Nations, en fonction de leurs besoins et de leurs priorit\u00e9s. Les webinaires du cours de &hellip; Continue reading \"Ateliers et webinaires virtuels\"","og_url":"https:\/\/fneaa.ca\/fr\/ateliers-et-webinaires-virtuels\/","og_site_name":"AAEPN","article_publisher":"https:\/\/www.facebook.com\/FNEAA2019","article_modified_time":"2021-12-16T15:39:58+00:00","twitter_card":"summary_large_image","twitter_site":"@FNEAA1","twitter_misc":{"Dur\u00e9e de lecture estim\u00e9e":"1 minute"},"schema":{"@context":"https:\/\/schema.org","@graph":[{"@type":"WebPage","@id":"https:\/\/fneaa.ca\/fr\/ateliers-et-webinaires-virtuels\/","url":"https:\/\/fneaa.ca\/fr\/ateliers-et-webinaires-virtuels\/","name":"Ateliers et webinaires virtuels - AAEPN","isPartOf":{"@id":"https:\/\/fneaa.ca\/#website"},"datePublished":"2021-12-15T18:43:03+00:00","dateModified":"2021-12-16T15:39:58+00:00","breadcrumb":{"@id":"https:\/\/fneaa.ca\/fr\/ateliers-et-webinaires-virtuels\/#breadcrumb"},"inLanguage":"fr-FR","potentialAction":[{"@type":"ReadAction","target":["https:\/\/fneaa.ca\/fr\/ateliers-et-webinaires-virtuels\/"]}]},{"@type":"BreadcrumbList","@id":"https:\/\/fneaa.ca\/fr\/ateliers-et-webinaires-virtuels\/#breadcrumb","itemListElement":[{"@type":"ListItem","position":1,"name":"Home","item":"https:\/\/fneaa.ca\/fr\/accueil\/"},{"@type":"ListItem","position":2,"name":"Ateliers et webinaires virtuels"}]},{"@type":"WebSite","@id":"https:\/\/fneaa.ca\/#website","url":"https:\/\/fneaa.ca\/","name":"FNEAA - First Nations Education Administrators Association","description":"Association des administrateurs de l'\u00e9ducation des Premi\u00e8res Nations","publisher":{"@id":"https:\/\/fneaa.ca\/#organization"},"potentialAction":[{"@type":"SearchAction","target":{"@type":"EntryPoint","urlTemplate":"https:\/\/fneaa.ca\/?s={search_term_string}"},"query-input":{"@type":"PropertyValueSpecification","valueRequired":true,"valueName":"search_term_string"}}],"inLanguage":"fr-FR"},{"@type":"Organization","@id":"https:\/\/fneaa.ca\/#organization","name":"First Nations Education Administrators Association","url":"https:\/\/fneaa.ca\/","logo":{"@type":"ImageObject","inLanguage":"fr-FR","@id":"https:\/\/fneaa.ca\/#\/schema\/logo\/image\/","url":"https:\/\/fneaa.ca\/wp-content\/uploads\/2021\/09\/fneaa_logo.svg","contentUrl":"https:\/\/fneaa.ca\/wp-content\/uploads\/2021\/09\/fneaa_logo.svg","width":367,"height":105,"caption":"First Nations Education Administrators Association"},"image":{"@id":"https:\/\/fneaa.ca\/#\/schema\/logo\/image\/"},"sameAs":["https:\/\/www.facebook.com\/FNEAA2019","https:\/\/x.com\/FNEAA1","https:\/\/www.instagram.com\/fneaa1\/?hl=en"]}]}},"_links":{"self":[{"href":"https:\/\/fneaa.ca\/fr\/wp-json\/wp\/v2\/pages\/2710","targetHints":{"allow":["GET"]}}],"collection":[{"href":"https:\/\/fneaa.ca\/fr\/wp-json\/wp\/v2\/pages"}],"about":[{"href":"https:\/\/fneaa.ca\/fr\/wp-json\/wp\/v2\/types\/page"}],"author":[{"embeddable":true,"href":"https:\/\/fneaa.ca\/fr\/wp-json\/wp\/v2\/users\/216"}],"replies":[{"embeddable":true,"href":"https:\/\/fneaa.ca\/fr\/wp-json\/wp\/v2\/comments?post=2710"}],"version-history":[{"count":0,"href":"https:\/\/fneaa.ca\/fr\/wp-json\/wp\/v2\/pages\/2710\/revisions"}],"wp:attachment":[{"href":"https:\/\/fneaa.ca\/fr\/wp-json\/wp\/v2\/media?parent=2710"}],"curies":[{"name":"wp","href":"https:\/\/api.w.org\/{rel}","templated":true}]}}