
{"id":2684,"date":"2021-12-15T12:50:30","date_gmt":"2021-12-15T17:50:30","guid":{"rendered":"https:\/\/fneaa.ca\/boites-a-outils-et-modeles\/"},"modified":"2021-12-15T12:50:33","modified_gmt":"2021-12-15T17:50:33","slug":"boites-a-outils-et-modeles","status":"publish","type":"page","link":"https:\/\/fneaa.ca\/fr\/boites-a-outils-et-modeles\/","title":{"rendered":"Bo\u00eetes \u00e0 outils et mod\u00e8les"},"content":{"rendered":"\t\t<div data-elementor-type=\"wp-page\" data-elementor-id=\"2684\" class=\"elementor elementor-2684 elementor-226\" data-elementor-post-type=\"page\">\n\t\t\t\t\t\t<section class=\"elementor-section elementor-top-section elementor-element elementor-element-bedf0e2 elementor-section-boxed elementor-section-height-default elementor-section-height-default\" data-id=\"bedf0e2\" data-element_type=\"section\" data-e-type=\"section\">\n\t\t\t\t\t\t<div class=\"elementor-container elementor-column-gap-default\">\n\t\t\t\t\t<div class=\"elementor-column elementor-col-100 elementor-top-column elementor-element elementor-element-517bbc8\" data-id=\"517bbc8\" data-element_type=\"column\" data-e-type=\"column\">\n\t\t\t<div class=\"elementor-widget-wrap elementor-element-populated\">\n\t\t\t\t\t\t<div class=\"elementor-element elementor-element-14d9d7f elementor-widget elementor-widget-text-editor\" data-id=\"14d9d7f\" data-element_type=\"widget\" data-e-type=\"widget\" data-widget_type=\"text-editor.default\">\n\t\t\t\t<div class=\"elementor-widget-container\">\n\t\t\t\t\t\t\t\t\t<h4 class=\"header-border mb-40\">L&rsquo;AAEPN dispose d&rsquo;une \u00e9quipe de professionnels qui peut concevoir et d\u00e9velopper des bo\u00eetes \u00e0 outils et des mod\u00e8les pour les administrateurs de l&rsquo;\u00e9ducation des Premi\u00e8res Nations sur un large \u00e9ventail de sujets.<\/h4>\n<p>La m\u00e9thodologie de conception et de d\u00e9veloppement d&rsquo;outils et de mod\u00e8les comprend l&rsquo;engagement, le cod\u00e9veloppement et la conception qui r\u00e9pondent aux besoins uniques des administrateurs de l&rsquo;\u00e9ducation et des communaut\u00e9s des Premi\u00e8res Nations. Les bo\u00eetes \u00e0 outils et les mod\u00e8les pourraient r\u00e9pondre \u00e0 un large \u00e9ventail de besoins : tels que les normes COVID-19, les instructions en ligne pour les enseignants et les parents, la r\u00e9daction de propositions, la planification strat\u00e9gique, la planification du travail, le maintien de la propret\u00e9 et de la s\u00e9curit\u00e9 des \u00e9coles primaires, etc.<\/p>\n<p>Voici des exemples de services :<\/p>\n<ul>\n<li>\u00c9laboration de plans organisationnels, d&rsquo;organigrammes ou de mod\u00e8les<\/li>\n<li>D\u00e9veloppement d&rsquo;un mod\u00e8le de r\u00e9daction de demande de subvention<\/li>\n<li>\u00c9laboration de mod\u00e8les de plan de travail des ressources humaines<\/li>\n<li>\u00c9laboration de mod\u00e8les de politiques et de proc\u00e9dures pour les employ\u00e9s<\/li>\n<\/ul>\n\t\t\t\t\t\t\t\t<\/div>\n\t\t\t\t<\/div>\n\t\t\t\t\t<\/div>\n\t\t<\/div>\n\t\t\t\t\t<\/div>\n\t\t<\/section>\n\t\t\t\t<\/div>\n\t\t","protected":false},"excerpt":{"rendered":"<p>L&rsquo;AAEPN dispose d&rsquo;une \u00e9quipe de professionnels qui peut concevoir et d\u00e9velopper des bo\u00eetes \u00e0 outils et des mod\u00e8les pour les administrateurs de l&rsquo;\u00e9ducation des Premi\u00e8res Nations sur un large \u00e9ventail de sujets. La m\u00e9thodologie de conception et de d\u00e9veloppement d&rsquo;outils et de mod\u00e8les comprend l&rsquo;engagement, le cod\u00e9veloppement et la conception qui r\u00e9pondent aux besoins uniques &hellip; <\/p>\n<p class=\"link-more\"><a href=\"https:\/\/fneaa.ca\/fr\/boites-a-outils-et-modeles\/\" class=\"more-link\">Continue reading<span class=\"screen-reader-text\"> \u00ab\u00a0Bo\u00eetes \u00e0 outils et mod\u00e8les\u00a0\u00bb<\/span><\/a><\/p>\n","protected":false},"author":216,"featured_media":0,"parent":0,"menu_order":132,"comment_status":"closed","ping_status":"closed","template":"","meta":{"_eb_attr":"","footnotes":""},"class_list":["post-2684","page","type-page","status-publish","hentry"],"yoast_head":"<!-- This site is optimized with the Yoast SEO plugin v27.3 - https:\/\/yoast.com\/product\/yoast-seo-wordpress\/ -->\n<title>Bo\u00eetes \u00e0 outils et mod\u00e8les - AAEPN<\/title>\n<meta name=\"robots\" content=\"index, follow, max-snippet:-1, max-image-preview:large, max-video-preview:-1\" \/>\n<link rel=\"canonical\" href=\"https:\/\/fneaa.ca\/fr\/boites-a-outils-et-modeles\/\" \/>\n<meta property=\"og:locale\" content=\"fr_FR\" \/>\n<meta property=\"og:type\" content=\"article\" \/>\n<meta property=\"og:title\" content=\"Bo\u00eetes \u00e0 outils et mod\u00e8les - AAEPN\" \/>\n<meta property=\"og:description\" content=\"L&rsquo;AAEPN dispose d&rsquo;une \u00e9quipe de professionnels qui peut concevoir et d\u00e9velopper des bo\u00eetes \u00e0 outils et des mod\u00e8les pour les administrateurs de l&rsquo;\u00e9ducation des Premi\u00e8res Nations sur un large \u00e9ventail de sujets. La m\u00e9thodologie de conception et de d\u00e9veloppement d&rsquo;outils et de mod\u00e8les comprend l&rsquo;engagement, le cod\u00e9veloppement et la conception qui r\u00e9pondent aux besoins uniques &hellip; Continue reading &quot;Bo\u00eetes \u00e0 outils et mod\u00e8les&quot;\" \/>\n<meta property=\"og:url\" content=\"https:\/\/fneaa.ca\/fr\/boites-a-outils-et-modeles\/\" \/>\n<meta property=\"og:site_name\" content=\"AAEPN\" \/>\n<meta property=\"article:publisher\" content=\"https:\/\/www.facebook.com\/FNEAA2019\" \/>\n<meta property=\"article:modified_time\" content=\"2021-12-15T17:50:33+00:00\" \/>\n<meta name=\"twitter:card\" content=\"summary_large_image\" \/>\n<meta name=\"twitter:site\" content=\"@FNEAA1\" \/>\n<meta name=\"twitter:label1\" content=\"Dur\u00e9e de lecture estim\u00e9e\" \/>\n\t<meta name=\"twitter:data1\" content=\"1 minute\" \/>\n<script type=\"application\/ld+json\" class=\"yoast-schema-graph\">{\"@context\":\"https:\\\/\\\/schema.org\",\"@graph\":[{\"@type\":\"WebPage\",\"@id\":\"https:\\\/\\\/fneaa.ca\\\/fr\\\/boites-a-outils-et-modeles\\\/\",\"url\":\"https:\\\/\\\/fneaa.ca\\\/fr\\\/boites-a-outils-et-modeles\\\/\",\"name\":\"Bo\u00eetes \u00e0 outils et mod\u00e8les - AAEPN\",\"isPartOf\":{\"@id\":\"https:\\\/\\\/fneaa.ca\\\/#website\"},\"datePublished\":\"2021-12-15T17:50:30+00:00\",\"dateModified\":\"2021-12-15T17:50:33+00:00\",\"breadcrumb\":{\"@id\":\"https:\\\/\\\/fneaa.ca\\\/fr\\\/boites-a-outils-et-modeles\\\/#breadcrumb\"},\"inLanguage\":\"fr-FR\",\"potentialAction\":[{\"@type\":\"ReadAction\",\"target\":[\"https:\\\/\\\/fneaa.ca\\\/fr\\\/boites-a-outils-et-modeles\\\/\"]}]},{\"@type\":\"BreadcrumbList\",\"@id\":\"https:\\\/\\\/fneaa.ca\\\/fr\\\/boites-a-outils-et-modeles\\\/#breadcrumb\",\"itemListElement\":[{\"@type\":\"ListItem\",\"position\":1,\"name\":\"Home\",\"item\":\"https:\\\/\\\/fneaa.ca\\\/fr\\\/accueil\\\/\"},{\"@type\":\"ListItem\",\"position\":2,\"name\":\"Bo\u00eetes \u00e0 outils et mod\u00e8les\"}]},{\"@type\":\"WebSite\",\"@id\":\"https:\\\/\\\/fneaa.ca\\\/#website\",\"url\":\"https:\\\/\\\/fneaa.ca\\\/\",\"name\":\"FNEAA - First Nations Education Administrators Association\",\"description\":\"Association des administrateurs de l'\u00e9ducation des Premi\u00e8res Nations\",\"publisher\":{\"@id\":\"https:\\\/\\\/fneaa.ca\\\/#organization\"},\"potentialAction\":[{\"@type\":\"SearchAction\",\"target\":{\"@type\":\"EntryPoint\",\"urlTemplate\":\"https:\\\/\\\/fneaa.ca\\\/?s={search_term_string}\"},\"query-input\":{\"@type\":\"PropertyValueSpecification\",\"valueRequired\":true,\"valueName\":\"search_term_string\"}}],\"inLanguage\":\"fr-FR\"},{\"@type\":\"Organization\",\"@id\":\"https:\\\/\\\/fneaa.ca\\\/#organization\",\"name\":\"First Nations Education Administrators Association\",\"url\":\"https:\\\/\\\/fneaa.ca\\\/\",\"logo\":{\"@type\":\"ImageObject\",\"inLanguage\":\"fr-FR\",\"@id\":\"https:\\\/\\\/fneaa.ca\\\/#\\\/schema\\\/logo\\\/image\\\/\",\"url\":\"https:\\\/\\\/fneaa.ca\\\/wp-content\\\/uploads\\\/2021\\\/09\\\/fneaa_logo.svg\",\"contentUrl\":\"https:\\\/\\\/fneaa.ca\\\/wp-content\\\/uploads\\\/2021\\\/09\\\/fneaa_logo.svg\",\"width\":367,\"height\":105,\"caption\":\"First Nations Education Administrators Association\"},\"image\":{\"@id\":\"https:\\\/\\\/fneaa.ca\\\/#\\\/schema\\\/logo\\\/image\\\/\"},\"sameAs\":[\"https:\\\/\\\/www.facebook.com\\\/FNEAA2019\",\"https:\\\/\\\/x.com\\\/FNEAA1\",\"https:\\\/\\\/www.instagram.com\\\/fneaa1\\\/?hl=en\"]}]}<\/script>\n<!-- \/ Yoast SEO plugin. -->","yoast_head_json":{"title":"Bo\u00eetes \u00e0 outils et mod\u00e8les - AAEPN","robots":{"index":"index","follow":"follow","max-snippet":"max-snippet:-1","max-image-preview":"max-image-preview:large","max-video-preview":"max-video-preview:-1"},"canonical":"https:\/\/fneaa.ca\/fr\/boites-a-outils-et-modeles\/","og_locale":"fr_FR","og_type":"article","og_title":"Bo\u00eetes \u00e0 outils et mod\u00e8les - AAEPN","og_description":"L&rsquo;AAEPN dispose d&rsquo;une \u00e9quipe de professionnels qui peut concevoir et d\u00e9velopper des bo\u00eetes \u00e0 outils et des mod\u00e8les pour les administrateurs de l&rsquo;\u00e9ducation des Premi\u00e8res Nations sur un large \u00e9ventail de sujets. La m\u00e9thodologie de conception et de d\u00e9veloppement d&rsquo;outils et de mod\u00e8les comprend l&rsquo;engagement, le cod\u00e9veloppement et la conception qui r\u00e9pondent aux besoins uniques &hellip; Continue reading \"Bo\u00eetes \u00e0 outils et mod\u00e8les\"","og_url":"https:\/\/fneaa.ca\/fr\/boites-a-outils-et-modeles\/","og_site_name":"AAEPN","article_publisher":"https:\/\/www.facebook.com\/FNEAA2019","article_modified_time":"2021-12-15T17:50:33+00:00","twitter_card":"summary_large_image","twitter_site":"@FNEAA1","twitter_misc":{"Dur\u00e9e de lecture estim\u00e9e":"1 minute"},"schema":{"@context":"https:\/\/schema.org","@graph":[{"@type":"WebPage","@id":"https:\/\/fneaa.ca\/fr\/boites-a-outils-et-modeles\/","url":"https:\/\/fneaa.ca\/fr\/boites-a-outils-et-modeles\/","name":"Bo\u00eetes \u00e0 outils et mod\u00e8les - AAEPN","isPartOf":{"@id":"https:\/\/fneaa.ca\/#website"},"datePublished":"2021-12-15T17:50:30+00:00","dateModified":"2021-12-15T17:50:33+00:00","breadcrumb":{"@id":"https:\/\/fneaa.ca\/fr\/boites-a-outils-et-modeles\/#breadcrumb"},"inLanguage":"fr-FR","potentialAction":[{"@type":"ReadAction","target":["https:\/\/fneaa.ca\/fr\/boites-a-outils-et-modeles\/"]}]},{"@type":"BreadcrumbList","@id":"https:\/\/fneaa.ca\/fr\/boites-a-outils-et-modeles\/#breadcrumb","itemListElement":[{"@type":"ListItem","position":1,"name":"Home","item":"https:\/\/fneaa.ca\/fr\/accueil\/"},{"@type":"ListItem","position":2,"name":"Bo\u00eetes \u00e0 outils et mod\u00e8les"}]},{"@type":"WebSite","@id":"https:\/\/fneaa.ca\/#website","url":"https:\/\/fneaa.ca\/","name":"FNEAA - First Nations Education Administrators Association","description":"Association des administrateurs de l'\u00e9ducation des Premi\u00e8res Nations","publisher":{"@id":"https:\/\/fneaa.ca\/#organization"},"potentialAction":[{"@type":"SearchAction","target":{"@type":"EntryPoint","urlTemplate":"https:\/\/fneaa.ca\/?s={search_term_string}"},"query-input":{"@type":"PropertyValueSpecification","valueRequired":true,"valueName":"search_term_string"}}],"inLanguage":"fr-FR"},{"@type":"Organization","@id":"https:\/\/fneaa.ca\/#organization","name":"First Nations Education Administrators Association","url":"https:\/\/fneaa.ca\/","logo":{"@type":"ImageObject","inLanguage":"fr-FR","@id":"https:\/\/fneaa.ca\/#\/schema\/logo\/image\/","url":"https:\/\/fneaa.ca\/wp-content\/uploads\/2021\/09\/fneaa_logo.svg","contentUrl":"https:\/\/fneaa.ca\/wp-content\/uploads\/2021\/09\/fneaa_logo.svg","width":367,"height":105,"caption":"First Nations Education Administrators Association"},"image":{"@id":"https:\/\/fneaa.ca\/#\/schema\/logo\/image\/"},"sameAs":["https:\/\/www.facebook.com\/FNEAA2019","https:\/\/x.com\/FNEAA1","https:\/\/www.instagram.com\/fneaa1\/?hl=en"]}]}},"_links":{"self":[{"href":"https:\/\/fneaa.ca\/fr\/wp-json\/wp\/v2\/pages\/2684","targetHints":{"allow":["GET"]}}],"collection":[{"href":"https:\/\/fneaa.ca\/fr\/wp-json\/wp\/v2\/pages"}],"about":[{"href":"https:\/\/fneaa.ca\/fr\/wp-json\/wp\/v2\/types\/page"}],"author":[{"embeddable":true,"href":"https:\/\/fneaa.ca\/fr\/wp-json\/wp\/v2\/users\/216"}],"replies":[{"embeddable":true,"href":"https:\/\/fneaa.ca\/fr\/wp-json\/wp\/v2\/comments?post=2684"}],"version-history":[{"count":0,"href":"https:\/\/fneaa.ca\/fr\/wp-json\/wp\/v2\/pages\/2684\/revisions"}],"wp:attachment":[{"href":"https:\/\/fneaa.ca\/fr\/wp-json\/wp\/v2\/media?parent=2684"}],"curies":[{"name":"wp","href":"https:\/\/api.w.org\/{rel}","templated":true}]}}