
{"id":2660,"date":"2021-12-15T12:36:11","date_gmt":"2021-12-15T17:36:11","guid":{"rendered":"https:\/\/fneaa.ca\/mesure-et-evaluation\/"},"modified":"2021-12-16T10:26:51","modified_gmt":"2021-12-16T15:26:51","slug":"mesure-et-evaluation","status":"publish","type":"page","link":"https:\/\/fneaa.ca\/fr\/mesure-et-evaluation\/","title":{"rendered":"Mesure et \u00e9valuation"},"content":{"rendered":"\t\t<div data-elementor-type=\"wp-page\" data-elementor-id=\"2660\" class=\"elementor elementor-2660 elementor-1628\" data-elementor-post-type=\"page\">\n\t\t\t\t\t\t<section class=\"elementor-section elementor-top-section elementor-element elementor-element-982597b elementor-section-boxed elementor-section-height-default elementor-section-height-default\" data-id=\"982597b\" data-element_type=\"section\" data-e-type=\"section\">\n\t\t\t\t\t\t<div class=\"elementor-container elementor-column-gap-default\">\n\t\t\t\t\t<div class=\"elementor-column elementor-col-100 elementor-top-column elementor-element elementor-element-4cdd3d4\" data-id=\"4cdd3d4\" data-element_type=\"column\" data-e-type=\"column\">\n\t\t\t<div class=\"elementor-widget-wrap elementor-element-populated\">\n\t\t\t\t\t\t<div class=\"elementor-element elementor-element-528ecd0 elementor-widget elementor-widget-text-editor\" data-id=\"528ecd0\" data-element_type=\"widget\" data-e-type=\"widget\" data-widget_type=\"text-editor.default\">\n\t\t\t\t<div class=\"elementor-widget-container\">\n\t\t\t\t\t\t\t\t\t<h4 class=\"header-border mb-40\">L&rsquo;AAEPN offre un service complet d&rsquo;\u00e9valuation ind\u00e9pendante aux Premi\u00e8res Nations. L&rsquo;AAEPN offre des mesures et des \u00e9valuations sp\u00e9cialis\u00e9es et ax\u00e9es sur l&rsquo;utilisation qui aident les organisations \u00e9ducatives des Premi\u00e8res Nations \u00e0 changer pour le mieux et \u00e0 \u00e9voluer vers le contr\u00f4le des Premi\u00e8res Nations sur les Premi\u00e8res Nations.<\/h4>\n<p>Les services de mesure et d&rsquo;\u00e9valuation de l&rsquo;\u00e9ducation des Premi\u00e8res Nations de l&rsquo;AAAEPN r\u00e9pondent \u00e0 vos besoins en mati\u00e8re de mesure et d&rsquo;\u00e9valuation culturellement pertinentes. L&rsquo;AAEPN dispose d&rsquo;un personnel autochtone exp\u00e9riment\u00e9 qui utilise depuis des ann\u00e9es des approches multidisciplinaires qui incluent des m\u00e9thodologies triangul\u00e9es, appliquant les connaissances, la culture et la langue autochtones. Des outils sont d\u00e9velopp\u00e9s pour l&rsquo;\u00e9ducation autochtone et des concepts tels que la relationnalit\u00e9, l&rsquo;apprentissage holistique, \u00ab l&rsquo;autochtonisation \u00bb de l&rsquo;\u00e9ducation, la d\u00e9colonisation et l&rsquo;apprentissage transformateur. Ces services sont offerts aux autorit\u00e9s scolaires, aux \u00e9coles, au gouvernement et aux municipalit\u00e9s des Premi\u00e8res Nations.<\/p>\n\t\t\t\t\t\t\t\t<\/div>\n\t\t\t\t<\/div>\n\t\t\t\t\t<\/div>\n\t\t<\/div>\n\t\t\t\t\t<\/div>\n\t\t<\/section>\n\t\t\t\t<section class=\"elementor-section elementor-top-section elementor-element elementor-element-ac956fe elementor-section-boxed elementor-section-height-default elementor-section-height-default\" data-id=\"ac956fe\" data-element_type=\"section\" data-e-type=\"section\">\n\t\t\t\t\t\t<div class=\"elementor-container elementor-column-gap-default\">\n\t\t\t\t\t<div class=\"elementor-column elementor-col-100 elementor-top-column elementor-element elementor-element-a90ceaa\" data-id=\"a90ceaa\" data-element_type=\"column\" data-e-type=\"column\">\n\t\t\t<div class=\"elementor-widget-wrap elementor-element-populated\">\n\t\t\t\t\t\t<div class=\"elementor-element elementor-element-85be990 elementor-widget elementor-widget-text-editor\" data-id=\"85be990\" data-element_type=\"widget\" data-e-type=\"widget\" data-widget_type=\"text-editor.default\">\n\t\t\t\t<div class=\"elementor-widget-container\">\n\t\t\t\t\t\t\t\t\t<h5>Prestations de service<\/h5>\n<p><strong>Planification de l&rsquo;\u00e9valuation<\/strong><\/p>\n<p>L&rsquo;AAEPN vous aidera \u00e0 concevoir une strat\u00e9gie d&rsquo;\u00e9valuation culturellement pertinente :<\/p>\n<ul>\n<li>\u00c9laborer ou r\u00e9viser la description, la th\u00e9orie du changement et le mod\u00e8le logique de votre initiative<\/li>\n<li>D\u00e9finissez vos priorit\u00e9s d&rsquo;\u00e9valuation<\/li>\n<li>Formulez vos questions d&rsquo;\u00e9valuation &#8211; les informations cl\u00e9s que vous devez savoir<\/li>\n<li>Identifier les sources d&rsquo;information et les m\u00e9thodes appropri\u00e9es<\/li>\n<li>Concevoir des outils pour la collecte de donn\u00e9es (par exemple, sondages, guides d&rsquo;entretien, suivi des m\u00e9triques, etc.)<\/li>\n<li>Planifier les activit\u00e9s d&rsquo;\u00e9valuation cl\u00e9s et concevoir un plan d&rsquo;\u00e9valuation d\u00e9taill\u00e9<\/li>\n<li>Former le personnel ou les b\u00e9n\u00e9voles pour effectuer l&rsquo;\u00e9valuation<\/li>\n<\/ul>\n<p><strong>Service complet<\/strong><\/p>\n<ul>\n<li>\u00c9laborez votre plan d&rsquo;\u00e9valuation<\/li>\n<li>Recueillir, saisir et analyser des informations (par exemple, des entrevues, des sondages, des groupes de discussion, des revues de la litt\u00e9rature, des analyses de l&rsquo;environnement, des \u00e9tudes de cas)<\/li>\n<li>Synth\u00e9tiser et interpr\u00e9ter les donn\u00e9es<\/li>\n<li>Fournir des recommandations d&rsquo;am\u00e9lioration<\/li>\n<li>Rapport et pr\u00e9sentation des conclusions<\/li>\n<li>G\u00e9rer l&rsquo;ensemble du processus d&rsquo;\u00e9valuation<\/li>\n<\/ul>\n<p><strong>Adapt\u00e9 \u00e0 vos besoins<\/strong><\/p>\n<ul>\n<li>Conception, administration et analyse des sondages<\/li>\n<li>Collecte et analyse de donn\u00e9es qualitatives (p. ex., entrevues, groupes de discussion)<\/li>\n<li>Revues de litt\u00e9rature et analyses environnementales<\/li>\n<li>Th\u00e9orie du changement et d\u00e9veloppement de mod\u00e8les logiques<\/li>\n<li>Analyse des donn\u00e9es et des ensembles de donn\u00e9es existants<\/li>\n<li>Examen des demandes de financement<\/li>\n<li>Coaching en \u00e9valuation, y compris \u00e9valuation \u00e9volutive<\/li>\n<li>Examen et r\u00e9troaction des experts sur les plans d&rsquo;\u00e9valuation<\/li>\n<\/ul>\n\t\t\t\t\t\t\t\t<\/div>\n\t\t\t\t<\/div>\n\t\t\t\t\t<\/div>\n\t\t<\/div>\n\t\t\t\t\t<\/div>\n\t\t<\/section>\n\t\t\t\t<\/div>\n\t\t","protected":false},"excerpt":{"rendered":"<p>L&rsquo;AAEPN offre un service complet d&rsquo;\u00e9valuation ind\u00e9pendante aux Premi\u00e8res Nations. L&rsquo;AAEPN offre des mesures et des \u00e9valuations sp\u00e9cialis\u00e9es et ax\u00e9es sur l&rsquo;utilisation qui aident les organisations \u00e9ducatives des Premi\u00e8res Nations \u00e0 changer pour le mieux et \u00e0 \u00e9voluer vers le contr\u00f4le des Premi\u00e8res Nations sur les Premi\u00e8res Nations. Les services de mesure et d&rsquo;\u00e9valuation de &hellip; <\/p>\n<p class=\"link-more\"><a href=\"https:\/\/fneaa.ca\/fr\/mesure-et-evaluation\/\" class=\"more-link\">Continue reading<span class=\"screen-reader-text\"> \u00ab\u00a0Mesure et \u00e9valuation\u00a0\u00bb<\/span><\/a><\/p>\n","protected":false},"author":216,"featured_media":0,"parent":0,"menu_order":93,"comment_status":"closed","ping_status":"closed","template":"","meta":{"_eb_attr":"","footnotes":""},"class_list":["post-2660","page","type-page","status-publish","hentry"],"yoast_head":"<!-- This site is optimized with the Yoast SEO plugin v27.3 - https:\/\/yoast.com\/product\/yoast-seo-wordpress\/ -->\n<title>Mesure et \u00e9valuation - AAEPN<\/title>\n<meta name=\"robots\" content=\"index, follow, max-snippet:-1, max-image-preview:large, max-video-preview:-1\" \/>\n<link rel=\"canonical\" href=\"https:\/\/fneaa.ca\/fr\/mesure-et-evaluation\/\" \/>\n<meta property=\"og:locale\" content=\"fr_FR\" \/>\n<meta property=\"og:type\" content=\"article\" \/>\n<meta property=\"og:title\" content=\"Mesure et \u00e9valuation - AAEPN\" \/>\n<meta property=\"og:description\" content=\"L&rsquo;AAEPN offre un service complet d&rsquo;\u00e9valuation ind\u00e9pendante aux Premi\u00e8res Nations. L&rsquo;AAEPN offre des mesures et des \u00e9valuations sp\u00e9cialis\u00e9es et ax\u00e9es sur l&rsquo;utilisation qui aident les organisations \u00e9ducatives des Premi\u00e8res Nations \u00e0 changer pour le mieux et \u00e0 \u00e9voluer vers le contr\u00f4le des Premi\u00e8res Nations sur les Premi\u00e8res Nations. Les services de mesure et d&rsquo;\u00e9valuation de &hellip; Continue reading &quot;Mesure et \u00e9valuation&quot;\" \/>\n<meta property=\"og:url\" content=\"https:\/\/fneaa.ca\/fr\/mesure-et-evaluation\/\" \/>\n<meta property=\"og:site_name\" content=\"AAEPN\" \/>\n<meta property=\"article:publisher\" content=\"https:\/\/www.facebook.com\/FNEAA2019\" \/>\n<meta property=\"article:modified_time\" content=\"2021-12-16T15:26:51+00:00\" \/>\n<meta name=\"twitter:card\" content=\"summary_large_image\" \/>\n<meta name=\"twitter:site\" content=\"@FNEAA1\" \/>\n<meta name=\"twitter:label1\" content=\"Dur\u00e9e de lecture estim\u00e9e\" \/>\n\t<meta name=\"twitter:data1\" content=\"2 minutes\" \/>\n<script type=\"application\/ld+json\" class=\"yoast-schema-graph\">{\"@context\":\"https:\\\/\\\/schema.org\",\"@graph\":[{\"@type\":\"WebPage\",\"@id\":\"https:\\\/\\\/fneaa.ca\\\/fr\\\/mesure-et-evaluation\\\/\",\"url\":\"https:\\\/\\\/fneaa.ca\\\/fr\\\/mesure-et-evaluation\\\/\",\"name\":\"Mesure et \u00e9valuation - AAEPN\",\"isPartOf\":{\"@id\":\"https:\\\/\\\/fneaa.ca\\\/#website\"},\"datePublished\":\"2021-12-15T17:36:11+00:00\",\"dateModified\":\"2021-12-16T15:26:51+00:00\",\"breadcrumb\":{\"@id\":\"https:\\\/\\\/fneaa.ca\\\/fr\\\/mesure-et-evaluation\\\/#breadcrumb\"},\"inLanguage\":\"fr-FR\",\"potentialAction\":[{\"@type\":\"ReadAction\",\"target\":[\"https:\\\/\\\/fneaa.ca\\\/fr\\\/mesure-et-evaluation\\\/\"]}]},{\"@type\":\"BreadcrumbList\",\"@id\":\"https:\\\/\\\/fneaa.ca\\\/fr\\\/mesure-et-evaluation\\\/#breadcrumb\",\"itemListElement\":[{\"@type\":\"ListItem\",\"position\":1,\"name\":\"Home\",\"item\":\"https:\\\/\\\/fneaa.ca\\\/fr\\\/accueil\\\/\"},{\"@type\":\"ListItem\",\"position\":2,\"name\":\"Mesure et \u00e9valuation\"}]},{\"@type\":\"WebSite\",\"@id\":\"https:\\\/\\\/fneaa.ca\\\/#website\",\"url\":\"https:\\\/\\\/fneaa.ca\\\/\",\"name\":\"FNEAA - First Nations Education Administrators Association\",\"description\":\"Association des administrateurs de l'\u00e9ducation des Premi\u00e8res Nations\",\"publisher\":{\"@id\":\"https:\\\/\\\/fneaa.ca\\\/#organization\"},\"potentialAction\":[{\"@type\":\"SearchAction\",\"target\":{\"@type\":\"EntryPoint\",\"urlTemplate\":\"https:\\\/\\\/fneaa.ca\\\/?s={search_term_string}\"},\"query-input\":{\"@type\":\"PropertyValueSpecification\",\"valueRequired\":true,\"valueName\":\"search_term_string\"}}],\"inLanguage\":\"fr-FR\"},{\"@type\":\"Organization\",\"@id\":\"https:\\\/\\\/fneaa.ca\\\/#organization\",\"name\":\"First Nations Education Administrators Association\",\"url\":\"https:\\\/\\\/fneaa.ca\\\/\",\"logo\":{\"@type\":\"ImageObject\",\"inLanguage\":\"fr-FR\",\"@id\":\"https:\\\/\\\/fneaa.ca\\\/#\\\/schema\\\/logo\\\/image\\\/\",\"url\":\"https:\\\/\\\/fneaa.ca\\\/wp-content\\\/uploads\\\/2021\\\/09\\\/fneaa_logo.svg\",\"contentUrl\":\"https:\\\/\\\/fneaa.ca\\\/wp-content\\\/uploads\\\/2021\\\/09\\\/fneaa_logo.svg\",\"width\":367,\"height\":105,\"caption\":\"First Nations Education Administrators Association\"},\"image\":{\"@id\":\"https:\\\/\\\/fneaa.ca\\\/#\\\/schema\\\/logo\\\/image\\\/\"},\"sameAs\":[\"https:\\\/\\\/www.facebook.com\\\/FNEAA2019\",\"https:\\\/\\\/x.com\\\/FNEAA1\",\"https:\\\/\\\/www.instagram.com\\\/fneaa1\\\/?hl=en\"]}]}<\/script>\n<!-- \/ Yoast SEO plugin. -->","yoast_head_json":{"title":"Mesure et \u00e9valuation - AAEPN","robots":{"index":"index","follow":"follow","max-snippet":"max-snippet:-1","max-image-preview":"max-image-preview:large","max-video-preview":"max-video-preview:-1"},"canonical":"https:\/\/fneaa.ca\/fr\/mesure-et-evaluation\/","og_locale":"fr_FR","og_type":"article","og_title":"Mesure et \u00e9valuation - AAEPN","og_description":"L&rsquo;AAEPN offre un service complet d&rsquo;\u00e9valuation ind\u00e9pendante aux Premi\u00e8res Nations. L&rsquo;AAEPN offre des mesures et des \u00e9valuations sp\u00e9cialis\u00e9es et ax\u00e9es sur l&rsquo;utilisation qui aident les organisations \u00e9ducatives des Premi\u00e8res Nations \u00e0 changer pour le mieux et \u00e0 \u00e9voluer vers le contr\u00f4le des Premi\u00e8res Nations sur les Premi\u00e8res Nations. Les services de mesure et d&rsquo;\u00e9valuation de &hellip; Continue reading \"Mesure et \u00e9valuation\"","og_url":"https:\/\/fneaa.ca\/fr\/mesure-et-evaluation\/","og_site_name":"AAEPN","article_publisher":"https:\/\/www.facebook.com\/FNEAA2019","article_modified_time":"2021-12-16T15:26:51+00:00","twitter_card":"summary_large_image","twitter_site":"@FNEAA1","twitter_misc":{"Dur\u00e9e de lecture estim\u00e9e":"2 minutes"},"schema":{"@context":"https:\/\/schema.org","@graph":[{"@type":"WebPage","@id":"https:\/\/fneaa.ca\/fr\/mesure-et-evaluation\/","url":"https:\/\/fneaa.ca\/fr\/mesure-et-evaluation\/","name":"Mesure et \u00e9valuation - AAEPN","isPartOf":{"@id":"https:\/\/fneaa.ca\/#website"},"datePublished":"2021-12-15T17:36:11+00:00","dateModified":"2021-12-16T15:26:51+00:00","breadcrumb":{"@id":"https:\/\/fneaa.ca\/fr\/mesure-et-evaluation\/#breadcrumb"},"inLanguage":"fr-FR","potentialAction":[{"@type":"ReadAction","target":["https:\/\/fneaa.ca\/fr\/mesure-et-evaluation\/"]}]},{"@type":"BreadcrumbList","@id":"https:\/\/fneaa.ca\/fr\/mesure-et-evaluation\/#breadcrumb","itemListElement":[{"@type":"ListItem","position":1,"name":"Home","item":"https:\/\/fneaa.ca\/fr\/accueil\/"},{"@type":"ListItem","position":2,"name":"Mesure et \u00e9valuation"}]},{"@type":"WebSite","@id":"https:\/\/fneaa.ca\/#website","url":"https:\/\/fneaa.ca\/","name":"FNEAA - First Nations Education Administrators Association","description":"Association des administrateurs de l'\u00e9ducation des Premi\u00e8res Nations","publisher":{"@id":"https:\/\/fneaa.ca\/#organization"},"potentialAction":[{"@type":"SearchAction","target":{"@type":"EntryPoint","urlTemplate":"https:\/\/fneaa.ca\/?s={search_term_string}"},"query-input":{"@type":"PropertyValueSpecification","valueRequired":true,"valueName":"search_term_string"}}],"inLanguage":"fr-FR"},{"@type":"Organization","@id":"https:\/\/fneaa.ca\/#organization","name":"First Nations Education Administrators Association","url":"https:\/\/fneaa.ca\/","logo":{"@type":"ImageObject","inLanguage":"fr-FR","@id":"https:\/\/fneaa.ca\/#\/schema\/logo\/image\/","url":"https:\/\/fneaa.ca\/wp-content\/uploads\/2021\/09\/fneaa_logo.svg","contentUrl":"https:\/\/fneaa.ca\/wp-content\/uploads\/2021\/09\/fneaa_logo.svg","width":367,"height":105,"caption":"First Nations Education Administrators Association"},"image":{"@id":"https:\/\/fneaa.ca\/#\/schema\/logo\/image\/"},"sameAs":["https:\/\/www.facebook.com\/FNEAA2019","https:\/\/x.com\/FNEAA1","https:\/\/www.instagram.com\/fneaa1\/?hl=en"]}]}},"_links":{"self":[{"href":"https:\/\/fneaa.ca\/fr\/wp-json\/wp\/v2\/pages\/2660","targetHints":{"allow":["GET"]}}],"collection":[{"href":"https:\/\/fneaa.ca\/fr\/wp-json\/wp\/v2\/pages"}],"about":[{"href":"https:\/\/fneaa.ca\/fr\/wp-json\/wp\/v2\/types\/page"}],"author":[{"embeddable":true,"href":"https:\/\/fneaa.ca\/fr\/wp-json\/wp\/v2\/users\/216"}],"replies":[{"embeddable":true,"href":"https:\/\/fneaa.ca\/fr\/wp-json\/wp\/v2\/comments?post=2660"}],"version-history":[{"count":0,"href":"https:\/\/fneaa.ca\/fr\/wp-json\/wp\/v2\/pages\/2660\/revisions"}],"wp:attachment":[{"href":"https:\/\/fneaa.ca\/fr\/wp-json\/wp\/v2\/media?parent=2660"}],"curies":[{"name":"wp","href":"https:\/\/api.w.org\/{rel}","templated":true}]}}