
{"id":2647,"date":"2021-12-15T12:14:30","date_gmt":"2021-12-15T17:14:30","guid":{"rendered":"https:\/\/fneaa.ca\/nous-joindre\/"},"modified":"2021-12-15T12:14:31","modified_gmt":"2021-12-15T17:14:31","slug":"nous-joindre","status":"publish","type":"page","link":"https:\/\/fneaa.ca\/fr\/nous-joindre\/","title":{"rendered":"Nous joindre"},"content":{"rendered":"\t\t<div data-elementor-type=\"wp-page\" data-elementor-id=\"2647\" class=\"elementor elementor-2647 elementor-31\" data-elementor-post-type=\"page\">\n\t\t\t\t\t\t<section class=\"elementor-section elementor-top-section elementor-element elementor-element-c6f1950 elementor-section-boxed elementor-section-height-default elementor-section-height-default\" data-id=\"c6f1950\" data-element_type=\"section\" data-e-type=\"section\">\n\t\t\t\t\t\t<div class=\"elementor-container elementor-column-gap-default\">\n\t\t\t\t\t<div class=\"elementor-column elementor-col-100 elementor-top-column elementor-element elementor-element-7de888e\" data-id=\"7de888e\" data-element_type=\"column\" data-e-type=\"column\">\n\t\t\t<div class=\"elementor-widget-wrap elementor-element-populated\">\n\t\t\t\t\t\t<section class=\"elementor-section elementor-inner-section elementor-element elementor-element-f5866a9 elementor-section-boxed elementor-section-height-default elementor-section-height-default\" data-id=\"f5866a9\" data-element_type=\"section\" data-e-type=\"section\">\n\t\t\t\t\t\t<div class=\"elementor-container elementor-column-gap-default\">\n\t\t\t\t\t<div class=\"elementor-column elementor-col-50 elementor-inner-column elementor-element elementor-element-d92c7ca\" data-id=\"d92c7ca\" data-element_type=\"column\" data-e-type=\"column\">\n\t\t\t<div class=\"elementor-widget-wrap elementor-element-populated\">\n\t\t\t\t\t\t<div class=\"elementor-element elementor-element-593bdb2 elementor-widget elementor-widget-text-editor\" data-id=\"593bdb2\" data-element_type=\"widget\" data-e-type=\"widget\" data-widget_type=\"text-editor.default\">\n\t\t\t\t<div class=\"elementor-widget-container\">\n\t\t\t\t\t\t\t\t\t<p>Vous pouvez communiquer avec l&rsquo;AAEPN par courrier ou en utilisant le nous le formulaire Contactez-nous. pour nous envoyer un courriel.<\/p>\n<p><strong>Association des administrateurs de l&rsquo;\u00e9ducation des Premi\u00e8res Nations du Canada<\/strong><br \/>5 &#8211; 167 Akwesasne International Road<br \/>Akwesasne, ON K6G 0G5<\/p>\n<p>T\u00e9l\u00e9phone d&rsquo;affaires : (343) 585-3333<br \/>Couriel : <a href=\"mailto:info@fneaa.ca\">info@fneaa.ca<\/a><\/p>\n\t\t\t\t\t\t\t\t<\/div>\n\t\t\t\t<\/div>\n\t\t\t\t\t<\/div>\n\t\t<\/div>\n\t\t\t\t<div class=\"elementor-column elementor-col-50 elementor-inner-column elementor-element elementor-element-48b328c\" data-id=\"48b328c\" data-element_type=\"column\" data-e-type=\"column\">\n\t\t\t<div class=\"elementor-widget-wrap elementor-element-populated\">\n\t\t\t\t\t\t<div class=\"elementor-element elementor-element-835f662 elementor-widget elementor-widget-text-editor\" data-id=\"835f662\" data-element_type=\"widget\" data-e-type=\"widget\" data-widget_type=\"text-editor.default\">\n\t\t\t\t<div class=\"elementor-widget-container\">\n\t\t\t\t\t\t\t\t\t<p>[ninja_form id=\u00a0\u00bb1&Prime;]<\/p>\n\t\t\t\t\t\t\t\t<\/div>\n\t\t\t\t<\/div>\n\t\t\t\t\t<\/div>\n\t\t<\/div>\n\t\t\t\t\t<\/div>\n\t\t<\/section>\n\t\t\t\t\t<\/div>\n\t\t<\/div>\n\t\t\t\t\t<\/div>\n\t\t<\/section>\n\t\t\t\t<\/div>\n\t\t","protected":false},"excerpt":{"rendered":"<p>Vous pouvez communiquer avec l&rsquo;AAEPN par courrier ou en utilisant le nous le formulaire Contactez-nous. pour nous envoyer un courriel. Association des administrateurs de l&rsquo;\u00e9ducation des Premi\u00e8res Nations du Canada5 &#8211; 167 Akwesasne International RoadAkwesasne, ON K6G 0G5 T\u00e9l\u00e9phone d&rsquo;affaires : (343) 585-3333Couriel : info@fneaa.ca [ninja_form id=\u00a0\u00bb1&Prime;]<\/p>\n","protected":false},"author":216,"featured_media":0,"parent":0,"menu_order":108,"comment_status":"closed","ping_status":"closed","template":"","meta":{"_eb_attr":"","footnotes":""},"class_list":["post-2647","page","type-page","status-publish","hentry"],"yoast_head":"<!-- This site is optimized with the Yoast SEO plugin v27.3 - https:\/\/yoast.com\/product\/yoast-seo-wordpress\/ -->\n<title>Nous joindre - AAEPN<\/title>\n<meta name=\"robots\" content=\"index, follow, max-snippet:-1, max-image-preview:large, max-video-preview:-1\" \/>\n<link rel=\"canonical\" href=\"https:\/\/fneaa.ca\/fr\/nous-joindre\/\" \/>\n<meta property=\"og:locale\" content=\"fr_FR\" \/>\n<meta property=\"og:type\" content=\"article\" \/>\n<meta property=\"og:title\" content=\"Nous joindre - AAEPN\" \/>\n<meta property=\"og:description\" content=\"Vous pouvez communiquer avec l&rsquo;AAEPN par courrier ou en utilisant le nous le formulaire Contactez-nous. pour nous envoyer un courriel. Association des administrateurs de l&rsquo;\u00e9ducation des Premi\u00e8res Nations du Canada5 &#8211; 167 Akwesasne International RoadAkwesasne, ON K6G 0G5 T\u00e9l\u00e9phone d&rsquo;affaires : (343) 585-3333Couriel : info@fneaa.ca [ninja_form id=\u00a0\u00bb1&Prime;]\" \/>\n<meta property=\"og:url\" content=\"https:\/\/fneaa.ca\/fr\/nous-joindre\/\" \/>\n<meta property=\"og:site_name\" content=\"AAEPN\" \/>\n<meta property=\"article:publisher\" content=\"https:\/\/www.facebook.com\/FNEAA2019\" \/>\n<meta property=\"article:modified_time\" content=\"2021-12-15T17:14:31+00:00\" \/>\n<meta name=\"twitter:card\" content=\"summary_large_image\" \/>\n<meta name=\"twitter:site\" content=\"@FNEAA1\" \/>\n<script type=\"application\/ld+json\" class=\"yoast-schema-graph\">{\"@context\":\"https:\\\/\\\/schema.org\",\"@graph\":[{\"@type\":\"WebPage\",\"@id\":\"https:\\\/\\\/fneaa.ca\\\/fr\\\/nous-joindre\\\/\",\"url\":\"https:\\\/\\\/fneaa.ca\\\/fr\\\/nous-joindre\\\/\",\"name\":\"Nous joindre - AAEPN\",\"isPartOf\":{\"@id\":\"https:\\\/\\\/fneaa.ca\\\/#website\"},\"datePublished\":\"2021-12-15T17:14:30+00:00\",\"dateModified\":\"2021-12-15T17:14:31+00:00\",\"breadcrumb\":{\"@id\":\"https:\\\/\\\/fneaa.ca\\\/fr\\\/nous-joindre\\\/#breadcrumb\"},\"inLanguage\":\"fr-FR\",\"potentialAction\":[{\"@type\":\"ReadAction\",\"target\":[\"https:\\\/\\\/fneaa.ca\\\/fr\\\/nous-joindre\\\/\"]}]},{\"@type\":\"BreadcrumbList\",\"@id\":\"https:\\\/\\\/fneaa.ca\\\/fr\\\/nous-joindre\\\/#breadcrumb\",\"itemListElement\":[{\"@type\":\"ListItem\",\"position\":1,\"name\":\"Home\",\"item\":\"https:\\\/\\\/fneaa.ca\\\/fr\\\/accueil\\\/\"},{\"@type\":\"ListItem\",\"position\":2,\"name\":\"Nous joindre\"}]},{\"@type\":\"WebSite\",\"@id\":\"https:\\\/\\\/fneaa.ca\\\/#website\",\"url\":\"https:\\\/\\\/fneaa.ca\\\/\",\"name\":\"FNEAA - First Nations Education Administrators Association\",\"description\":\"Association des administrateurs de l'\u00e9ducation des Premi\u00e8res Nations\",\"publisher\":{\"@id\":\"https:\\\/\\\/fneaa.ca\\\/#organization\"},\"potentialAction\":[{\"@type\":\"SearchAction\",\"target\":{\"@type\":\"EntryPoint\",\"urlTemplate\":\"https:\\\/\\\/fneaa.ca\\\/?s={search_term_string}\"},\"query-input\":{\"@type\":\"PropertyValueSpecification\",\"valueRequired\":true,\"valueName\":\"search_term_string\"}}],\"inLanguage\":\"fr-FR\"},{\"@type\":\"Organization\",\"@id\":\"https:\\\/\\\/fneaa.ca\\\/#organization\",\"name\":\"First Nations Education Administrators Association\",\"url\":\"https:\\\/\\\/fneaa.ca\\\/\",\"logo\":{\"@type\":\"ImageObject\",\"inLanguage\":\"fr-FR\",\"@id\":\"https:\\\/\\\/fneaa.ca\\\/#\\\/schema\\\/logo\\\/image\\\/\",\"url\":\"https:\\\/\\\/fneaa.ca\\\/wp-content\\\/uploads\\\/2021\\\/09\\\/fneaa_logo.svg\",\"contentUrl\":\"https:\\\/\\\/fneaa.ca\\\/wp-content\\\/uploads\\\/2021\\\/09\\\/fneaa_logo.svg\",\"width\":367,\"height\":105,\"caption\":\"First Nations Education Administrators Association\"},\"image\":{\"@id\":\"https:\\\/\\\/fneaa.ca\\\/#\\\/schema\\\/logo\\\/image\\\/\"},\"sameAs\":[\"https:\\\/\\\/www.facebook.com\\\/FNEAA2019\",\"https:\\\/\\\/x.com\\\/FNEAA1\",\"https:\\\/\\\/www.instagram.com\\\/fneaa1\\\/?hl=en\"]}]}<\/script>\n<!-- \/ Yoast SEO plugin. -->","yoast_head_json":{"title":"Nous joindre - AAEPN","robots":{"index":"index","follow":"follow","max-snippet":"max-snippet:-1","max-image-preview":"max-image-preview:large","max-video-preview":"max-video-preview:-1"},"canonical":"https:\/\/fneaa.ca\/fr\/nous-joindre\/","og_locale":"fr_FR","og_type":"article","og_title":"Nous joindre - AAEPN","og_description":"Vous pouvez communiquer avec l&rsquo;AAEPN par courrier ou en utilisant le nous le formulaire Contactez-nous. pour nous envoyer un courriel. Association des administrateurs de l&rsquo;\u00e9ducation des Premi\u00e8res Nations du Canada5 &#8211; 167 Akwesasne International RoadAkwesasne, ON K6G 0G5 T\u00e9l\u00e9phone d&rsquo;affaires : (343) 585-3333Couriel : info@fneaa.ca [ninja_form id=\u00a0\u00bb1&Prime;]","og_url":"https:\/\/fneaa.ca\/fr\/nous-joindre\/","og_site_name":"AAEPN","article_publisher":"https:\/\/www.facebook.com\/FNEAA2019","article_modified_time":"2021-12-15T17:14:31+00:00","twitter_card":"summary_large_image","twitter_site":"@FNEAA1","schema":{"@context":"https:\/\/schema.org","@graph":[{"@type":"WebPage","@id":"https:\/\/fneaa.ca\/fr\/nous-joindre\/","url":"https:\/\/fneaa.ca\/fr\/nous-joindre\/","name":"Nous joindre - AAEPN","isPartOf":{"@id":"https:\/\/fneaa.ca\/#website"},"datePublished":"2021-12-15T17:14:30+00:00","dateModified":"2021-12-15T17:14:31+00:00","breadcrumb":{"@id":"https:\/\/fneaa.ca\/fr\/nous-joindre\/#breadcrumb"},"inLanguage":"fr-FR","potentialAction":[{"@type":"ReadAction","target":["https:\/\/fneaa.ca\/fr\/nous-joindre\/"]}]},{"@type":"BreadcrumbList","@id":"https:\/\/fneaa.ca\/fr\/nous-joindre\/#breadcrumb","itemListElement":[{"@type":"ListItem","position":1,"name":"Home","item":"https:\/\/fneaa.ca\/fr\/accueil\/"},{"@type":"ListItem","position":2,"name":"Nous joindre"}]},{"@type":"WebSite","@id":"https:\/\/fneaa.ca\/#website","url":"https:\/\/fneaa.ca\/","name":"FNEAA - First Nations Education Administrators Association","description":"Association des administrateurs de l'\u00e9ducation des Premi\u00e8res Nations","publisher":{"@id":"https:\/\/fneaa.ca\/#organization"},"potentialAction":[{"@type":"SearchAction","target":{"@type":"EntryPoint","urlTemplate":"https:\/\/fneaa.ca\/?s={search_term_string}"},"query-input":{"@type":"PropertyValueSpecification","valueRequired":true,"valueName":"search_term_string"}}],"inLanguage":"fr-FR"},{"@type":"Organization","@id":"https:\/\/fneaa.ca\/#organization","name":"First Nations Education Administrators Association","url":"https:\/\/fneaa.ca\/","logo":{"@type":"ImageObject","inLanguage":"fr-FR","@id":"https:\/\/fneaa.ca\/#\/schema\/logo\/image\/","url":"https:\/\/fneaa.ca\/wp-content\/uploads\/2021\/09\/fneaa_logo.svg","contentUrl":"https:\/\/fneaa.ca\/wp-content\/uploads\/2021\/09\/fneaa_logo.svg","width":367,"height":105,"caption":"First Nations Education Administrators Association"},"image":{"@id":"https:\/\/fneaa.ca\/#\/schema\/logo\/image\/"},"sameAs":["https:\/\/www.facebook.com\/FNEAA2019","https:\/\/x.com\/FNEAA1","https:\/\/www.instagram.com\/fneaa1\/?hl=en"]}]}},"_links":{"self":[{"href":"https:\/\/fneaa.ca\/fr\/wp-json\/wp\/v2\/pages\/2647","targetHints":{"allow":["GET"]}}],"collection":[{"href":"https:\/\/fneaa.ca\/fr\/wp-json\/wp\/v2\/pages"}],"about":[{"href":"https:\/\/fneaa.ca\/fr\/wp-json\/wp\/v2\/types\/page"}],"author":[{"embeddable":true,"href":"https:\/\/fneaa.ca\/fr\/wp-json\/wp\/v2\/users\/216"}],"replies":[{"embeddable":true,"href":"https:\/\/fneaa.ca\/fr\/wp-json\/wp\/v2\/comments?post=2647"}],"version-history":[{"count":0,"href":"https:\/\/fneaa.ca\/fr\/wp-json\/wp\/v2\/pages\/2647\/revisions"}],"wp:attachment":[{"href":"https:\/\/fneaa.ca\/fr\/wp-json\/wp\/v2\/media?parent=2647"}],"curies":[{"name":"wp","href":"https:\/\/api.w.org\/{rel}","templated":true}]}}