
{"id":2630,"date":"2021-12-15T11:36:39","date_gmt":"2021-12-15T16:36:39","guid":{"rendered":"https:\/\/fneaa.ca\/a-propos-de-laaepn\/"},"modified":"2021-12-16T17:41:31","modified_gmt":"2021-12-16T22:41:31","slug":"a-propos-de-laaepn","status":"publish","type":"page","link":"https:\/\/fneaa.ca\/fr\/a-propos-de-laaepn\/","title":{"rendered":"\u00c0 propos de l&rsquo;AAEPN"},"content":{"rendered":"\t\t<div data-elementor-type=\"wp-page\" data-elementor-id=\"2630\" class=\"elementor elementor-2630 elementor-194\" data-elementor-post-type=\"page\">\n\t\t\t\t\t\t<section class=\"elementor-section elementor-top-section elementor-element elementor-element-4ecc100 elementor-section-full_width col-leaf-right small-leaf elementor-section-height-default elementor-section-height-default\" data-id=\"4ecc100\" data-element_type=\"section\" data-e-type=\"section\">\n\t\t\t\t\t\t<div class=\"elementor-container elementor-column-gap-default\">\n\t\t\t\t\t<div class=\"elementor-column elementor-col-100 elementor-top-column elementor-element elementor-element-9ca9425\" data-id=\"9ca9425\" data-element_type=\"column\" data-e-type=\"column\">\n\t\t\t<div class=\"elementor-widget-wrap elementor-element-populated\">\n\t\t\t\t\t\t<section class=\"elementor-section elementor-inner-section elementor-element elementor-element-1a80c79 elementor-section-boxed elementor-section-height-default elementor-section-height-default\" data-id=\"1a80c79\" data-element_type=\"section\" data-e-type=\"section\">\n\t\t\t\t\t\t<div class=\"elementor-container elementor-column-gap-wide\">\n\t\t\t\t\t<div class=\"elementor-column elementor-col-50 elementor-inner-column elementor-element elementor-element-4db2eb9\" data-id=\"4db2eb9\" data-element_type=\"column\" data-e-type=\"column\">\n\t\t\t<div class=\"elementor-widget-wrap elementor-element-populated\">\n\t\t\t\t\t\t<div class=\"elementor-element elementor-element-45fe62f elementor-widget elementor-widget-image\" data-id=\"45fe62f\" data-element_type=\"widget\" data-e-type=\"widget\" data-widget_type=\"image.default\">\n\t\t\t\t<div class=\"elementor-widget-container\">\n\t\t\t\t\t\t\t\t\t\t\t\t\t\t\t<img fetchpriority=\"high\" decoding=\"async\" width=\"803\" height=\"765\" src=\"https:\/\/fneaa.ca\/wp-content\/uploads\/2021\/09\/about-us-collage.jpg\" class=\"attachment-large size-large wp-image-1856\" alt=\"\" srcset=\"https:\/\/fneaa.ca\/wp-content\/uploads\/2021\/09\/about-us-collage.jpg 803w, https:\/\/fneaa.ca\/wp-content\/uploads\/2021\/09\/about-us-collage-600x572.jpg 600w, https:\/\/fneaa.ca\/wp-content\/uploads\/2021\/09\/about-us-collage-768x732.jpg 768w\" sizes=\"100vw\" \/>\t\t\t\t\t\t\t\t\t\t\t\t\t\t\t<\/div>\n\t\t\t\t<\/div>\n\t\t\t\t\t<\/div>\n\t\t<\/div>\n\t\t\t\t<div class=\"elementor-column elementor-col-50 elementor-inner-column elementor-element elementor-element-70bb684\" data-id=\"70bb684\" data-element_type=\"column\" data-e-type=\"column\">\n\t\t\t<div class=\"elementor-widget-wrap elementor-element-populated\">\n\t\t\t\t\t\t<div class=\"elementor-element elementor-element-06e5529 elementor-widget elementor-widget-text-editor\" data-id=\"06e5529\" data-element_type=\"widget\" data-e-type=\"widget\" data-widget_type=\"text-editor.default\">\n\t\t\t\t<div class=\"elementor-widget-container\">\n\t\t\t\t\t\t\t\t\t<h6>aper\u00e7u<\/h6>\n<h4>L&rsquo;Association des administrateurs de l&rsquo;\u00e9ducation des Premi\u00e8res Nations a \u00e9t\u00e9 constitu\u00e9e le 6 f\u00e9vrier 2019. L&rsquo;objet de l&rsquo;Association est le suivant :<\/h4>\n<ul class=\"special\">\n<li><strong>Certification :<\/strong> Cr\u00e9er un corps professionnel certifi\u00e9 d&rsquo;administrateurs de l&rsquo;\u00e9ducation des Premi\u00e8res Nations<\/li>\n<li><strong>D\u00e9veloppement professionnel :<\/strong> Cr\u00e9er des produits de qualit\u00e9 pour renforcer les capacit\u00e9s professionnelles individuelles, organisationnelles et communautaires<\/li>\n<li><strong>Partnerships:<\/strong> Promote awareness, inclusion, sharing and learning from each other<\/li>\n<li><strong>D\u00e9veloppement et services des syst\u00e8mes \u00e9ducatifs :<\/strong> \u00catre une ressource pr\u00e9cieuse pour des informations fiables et fournir des services qui r\u00e9pondent aux besoins<\/li>\n<li><strong>Mentorat : <\/strong> \u00c9tablir des relations pour impliquer les membres et soutenir les apprenants<\/li>\n<li><strong>Conf\u00e9rence annuelle :<\/strong> Organisez un rassemblement annuel pour permettre aux membres \u00e0 faire du r\u00e9sautage et partager des informations<\/li>\n<\/ul>\n\t\t\t\t\t\t\t\t<\/div>\n\t\t\t\t<\/div>\n\t\t\t\t\t<\/div>\n\t\t<\/div>\n\t\t\t\t\t<\/div>\n\t\t<\/section>\n\t\t\t\t\t<\/div>\n\t\t<\/div>\n\t\t\t\t\t<\/div>\n\t\t<\/section>\n\t\t\t\t<section class=\"elementor-section elementor-top-section elementor-element elementor-element-c9b468b elementor-section-boxed elementor-section-height-default elementor-section-height-default\" data-id=\"c9b468b\" data-element_type=\"section\" data-e-type=\"section\">\n\t\t\t\t\t\t<div class=\"elementor-container elementor-column-gap-default\">\n\t\t\t\t\t<div class=\"elementor-column elementor-col-100 elementor-top-column elementor-element elementor-element-0a03e9d\" data-id=\"0a03e9d\" data-element_type=\"column\" data-e-type=\"column\">\n\t\t\t<div class=\"elementor-widget-wrap elementor-element-populated\">\n\t\t\t\t\t\t<div class=\"elementor-element elementor-element-5e24df3 elementor-widget elementor-widget-text-editor\" data-id=\"5e24df3\" data-element_type=\"widget\" data-e-type=\"widget\" data-widget_type=\"text-editor.default\">\n\t\t\t\t<div class=\"elementor-widget-container\">\n\t\t\t\t\t\t\t\t\t<h6 class=\"centered\">Nos croyances fondamentales<\/h6>\n<h4>Vision, mission et valeurs<\/h4>\n\t\t\t\t\t\t\t\t<\/div>\n\t\t\t\t<\/div>\n\t\t\t\t\t<\/div>\n\t\t<\/div>\n\t\t\t\t\t<\/div>\n\t\t<\/section>\n\t\t\t\t<section class=\"elementor-section elementor-top-section elementor-element elementor-element-b11ac47 elementor-section-full_width elementor-section-height-default elementor-section-height-default\" data-id=\"b11ac47\" data-element_type=\"section\" data-e-type=\"section\">\n\t\t\t\t\t\t<div class=\"elementor-container elementor-column-gap-default\">\n\t\t\t\t\t<div class=\"elementor-column elementor-col-100 elementor-top-column elementor-element elementor-element-b3c3ac8\" data-id=\"b3c3ac8\" data-element_type=\"column\" data-e-type=\"column\">\n\t\t\t<div class=\"elementor-widget-wrap elementor-element-populated\">\n\t\t\t\t\t\t<section class=\"elementor-section elementor-inner-section elementor-element elementor-element-6bd4a6d elementor-section-full_width elementor-section-content-middle elementor-section-height-default elementor-section-height-default\" data-id=\"6bd4a6d\" data-element_type=\"section\" data-e-type=\"section\">\n\t\t\t\t\t\t<div class=\"elementor-container elementor-column-gap-narrow\">\n\t\t\t\t\t<div class=\"elementor-column elementor-col-33 elementor-inner-column elementor-element elementor-element-032469b\" data-id=\"032469b\" data-element_type=\"column\" data-e-type=\"column\" data-settings=\"{&quot;background_background&quot;:&quot;classic&quot;}\">\n\t\t\t<div class=\"elementor-widget-wrap elementor-element-populated\">\n\t\t\t\t\t\t<div class=\"elementor-element elementor-element-6055c29 elementor-widget elementor-widget-text-editor\" data-id=\"6055c29\" data-element_type=\"widget\" data-e-type=\"widget\" data-widget_type=\"text-editor.default\">\n\t\t\t\t<div class=\"elementor-widget-container\">\n\t\t\t\t\t\t\t\t\t<div class=\"about-box\"><h4>Vision<\/h4><p><span style=\"color: #ffffff;\">\u00c9quilibrer l&rsquo;interd\u00e9pendance dans l&rsquo;\u00e9ducation, enracin\u00e9e dans les langues, les cultures, les traditions et l&rsquo;autod\u00e9termination des Premi\u00e8res Nations afin de promouvoir le contr\u00f4le de l\u2019\u00e9ducation de nos Premi\u00e8res Nations par des Premi\u00e8res Nations.<\/span><\/p><\/div>\t\t\t\t\t\t\t\t<\/div>\n\t\t\t\t<\/div>\n\t\t\t\t\t<\/div>\n\t\t<\/div>\n\t\t\t\t<div class=\"elementor-column elementor-col-33 elementor-inner-column elementor-element elementor-element-addab18\" data-id=\"addab18\" data-element_type=\"column\" data-e-type=\"column\" data-settings=\"{&quot;background_background&quot;:&quot;classic&quot;}\">\n\t\t\t<div class=\"elementor-widget-wrap elementor-element-populated\">\n\t\t\t\t\t\t<div class=\"elementor-element elementor-element-f6b9b9c elementor-widget elementor-widget-text-editor\" data-id=\"f6b9b9c\" data-element_type=\"widget\" data-e-type=\"widget\" data-widget_type=\"text-editor.default\">\n\t\t\t\t<div class=\"elementor-widget-container\">\n\t\t\t\t\t\t\t\t\t<div class=\"about-box\"><h4>Mission<\/h4><p><span style=\"color: #ffffff;\">L\u2019AAEPN est un lieu de rassemblement pour les administrateurs de l&rsquo;\u00e9ducation des Premi\u00e8res Nations pour partager des informations, recueillir et partager des id\u00e9es et renforcer les capacit\u00e9s en mati\u00e8re d&rsquo;\u00e9ducation, de certification, de d\u00e9veloppement professionnel, de partenariats, de d\u00e9veloppement de syst\u00e8mes et de services, de mentorat et de conf\u00e9rences.<\/span><\/p><\/div>\t\t\t\t\t\t\t\t<\/div>\n\t\t\t\t<\/div>\n\t\t\t\t\t<\/div>\n\t\t<\/div>\n\t\t\t\t<div class=\"elementor-column elementor-col-33 elementor-inner-column elementor-element elementor-element-9b75c50\" data-id=\"9b75c50\" data-element_type=\"column\" data-e-type=\"column\" data-settings=\"{&quot;background_background&quot;:&quot;classic&quot;}\">\n\t\t\t<div class=\"elementor-widget-wrap elementor-element-populated\">\n\t\t\t\t\t\t<div class=\"elementor-element elementor-element-3b2eb1a elementor-widget elementor-widget-text-editor\" data-id=\"3b2eb1a\" data-element_type=\"widget\" data-e-type=\"widget\" data-widget_type=\"text-editor.default\">\n\t\t\t\t<div class=\"elementor-widget-container\">\n\t\t\t\t\t\t\t\t\t<div class=\"about-box\"><h4>Valeurs<\/h4><p><span style=\"color: #ffffff;\">L&rsquo;AAEPN s&rsquo;engage \u00e0 respecter les valeurs associ\u00e9es aux enseignements des Nations de nos membres.<\/span><\/p><\/div>\t\t\t\t\t\t\t\t<\/div>\n\t\t\t\t<\/div>\n\t\t\t\t\t<\/div>\n\t\t<\/div>\n\t\t\t\t\t<\/div>\n\t\t<\/section>\n\t\t\t\t\t<\/div>\n\t\t<\/div>\n\t\t\t\t\t<\/div>\n\t\t<\/section>\n\t\t\t\t<section class=\"elementor-section elementor-top-section elementor-element elementor-element-0b8663f elementor-section-boxed elementor-section-height-default elementor-section-height-default\" data-id=\"0b8663f\" data-element_type=\"section\" data-e-type=\"section\">\n\t\t\t\t\t\t<div class=\"elementor-container elementor-column-gap-default\">\n\t\t\t\t\t<div class=\"elementor-column elementor-col-100 elementor-top-column elementor-element elementor-element-0576d01\" data-id=\"0576d01\" data-element_type=\"column\" data-e-type=\"column\">\n\t\t\t<div class=\"elementor-widget-wrap elementor-element-populated\">\n\t\t\t\t\t\t<div class=\"elementor-element elementor-element-5df366a elementor-widget elementor-widget-text-editor\" data-id=\"5df366a\" data-element_type=\"widget\" data-e-type=\"widget\" data-widget_type=\"text-editor.default\">\n\t\t\t\t<div class=\"elementor-widget-container\">\n\t\t\t\t\t\t\t\t\t<h6 class=\"centered\">Perspectives<\/h6>\n<h4>Commentaires de la communaut\u00e9 de l&rsquo;AAEPN<\/h4>\n\t\t\t\t\t\t\t\t<\/div>\n\t\t\t\t<\/div>\n\t\t\t\t\t<\/div>\n\t\t<\/div>\n\t\t\t\t\t<\/div>\n\t\t<\/section>\n\t\t\t\t<section class=\"elementor-section elementor-top-section elementor-element elementor-element-7a04b86 elementor-section-boxed elementor-section-height-default elementor-section-height-default\" data-id=\"7a04b86\" data-element_type=\"section\" data-e-type=\"section\">\n\t\t\t\t\t\t<div class=\"elementor-container elementor-column-gap-default\">\n\t\t\t\t\t<div class=\"elementor-column elementor-col-100 elementor-top-column elementor-element elementor-element-9e93dff\" data-id=\"9e93dff\" data-element_type=\"column\" data-e-type=\"column\">\n\t\t\t<div class=\"elementor-widget-wrap elementor-element-populated\">\n\t\t\t\t\t\t<div class=\"elementor-element elementor-element-fc866a3 elementor-widget elementor-widget-text-editor\" data-id=\"fc866a3\" data-element_type=\"widget\" data-e-type=\"widget\" data-widget_type=\"text-editor.default\">\n\t\t\t\t<div class=\"elementor-widget-container\">\n\t\t\t\t\t\t\t\t\t<div>\n<div><div class=\"testimonials-carousel-container\"><div class=\"owl-carousel\" id=\"testimonials_carousel\">\r\n\r\n<div class=\"testimonial-post\">\r\n    <div class=\"avatar\">\r\n        <div class=\"thumb\">\r\n                            <img decoding=\"async\" src=\"https:\/\/fneaa.ca\/wp-content\/uploads\/2021\/09\/simon-bird.jpg\" alt=\"\">\r\n                    <\/div>\r\n        <p class=\"name\">Simon Bird<\/p>\r\n        <p class=\"title\">Directeur de l&rsquo;\u00e9ducation &#8211; Bande indienne du Lac La Ronge<\/p>        \r\n    <\/div>\r\n    <div class=\"testimonial\">\r\n        <p><p>\u00ab\u00a0Beaucoup de nos \u00e9coles sont en &lsquo;mode survie&rsquo;. Nous devons arr\u00eater de sauter de crise en crise.\u00a0\u00bb<\/p>\n<\/p>\r\n    <\/div>\r\n<\/div>\r\n\r\n<div class=\"testimonial-post\">\r\n    <div class=\"avatar\">\r\n        <div class=\"thumb\">\r\n                            <img decoding=\"async\" src=\"https:\/\/fneaa.ca\/wp-content\/uploads\/2021\/09\/darren-googoo.jpg\" alt=\"\">\r\n                    <\/div>\r\n        <p class=\"name\">Darren Googoo<\/p>\r\n        <p class=\"title\">Directeur de l&rsquo;\u00e9ducation &#8211; Membertou, N.-\u00c9.<\/p>        \r\n    <\/div>\r\n    <div class=\"testimonial\">\r\n        <p><p>\u00ab\u00a0Nous voulons fournir les outils aux \u00e9ducateurs pour qu&rsquo;ils aient la confiance n\u00e9cessaire pour faire ce qu&rsquo;ils veulent faire.\u00a0\u00bb<\/p>\n<p>\u201cNous pouvons cr\u00e9er des r\u00e9seaux et partager des exp\u00e9riences pour fournir aux gens des chemins de vie pour se rendre l\u00e0 o\u00f9 ils doivent aller. L&rsquo;objectif est de fournir un choix plut\u00f4t que de dire aux \u00e9ducateurs ce qu&rsquo;ils doivent faire.\u201d<\/p>\n<\/p>\r\n    <\/div>\r\n<\/div><\/div><\/div><\/div>\n<\/div>\n\t\t\t\t\t\t\t\t<\/div>\n\t\t\t\t<\/div>\n\t\t\t\t\t<\/div>\n\t\t<\/div>\n\t\t\t\t\t<\/div>\n\t\t<\/section>\n\t\t\t\t<\/div>\n\t\t","protected":false},"excerpt":{"rendered":"<p>aper\u00e7u L&rsquo;Association des administrateurs de l&rsquo;\u00e9ducation des Premi\u00e8res Nations a \u00e9t\u00e9 constitu\u00e9e le 6 f\u00e9vrier 2019. L&rsquo;objet de l&rsquo;Association est le suivant : Certification : Cr\u00e9er un corps professionnel certifi\u00e9 d&rsquo;administrateurs de l&rsquo;\u00e9ducation des Premi\u00e8res Nations D\u00e9veloppement professionnel : Cr\u00e9er des produits de qualit\u00e9 pour renforcer les capacit\u00e9s professionnelles individuelles, organisationnelles et communautaires Partnerships: Promote &hellip; <\/p>\n<p class=\"link-more\"><a href=\"https:\/\/fneaa.ca\/fr\/testimonials\/darren-googoo\/\" class=\"more-link\">Continue reading<span class=\"screen-reader-text\"> \u00ab\u00a0Darren Googoo\u00a0\u00bb<\/span><\/a><\/p>\n","protected":false},"author":216,"featured_media":0,"parent":0,"menu_order":42,"comment_status":"closed","ping_status":"closed","template":"","meta":{"_eb_attr":"","footnotes":""},"class_list":["post-2630","page","type-page","status-publish","hentry"],"yoast_head":"<!-- This site is optimized with the Yoast SEO plugin v27.3 - https:\/\/yoast.com\/product\/yoast-seo-wordpress\/ -->\n<title>\u00c0 propos de l&#039;AAEPN - AAEPN<\/title>\n<meta name=\"robots\" content=\"index, follow, max-snippet:-1, max-image-preview:large, max-video-preview:-1\" \/>\n<link rel=\"canonical\" href=\"https:\/\/fneaa.ca\/fr\/a-propos-de-laaepn\/\" \/>\n<meta property=\"og:locale\" content=\"fr_FR\" \/>\n<meta property=\"og:type\" content=\"article\" \/>\n<meta property=\"og:title\" content=\"\u00c0 propos de l&#039;AAEPN - AAEPN\" \/>\n<meta property=\"og:description\" content=\"aper\u00e7u L&rsquo;Association des administrateurs de l&rsquo;\u00e9ducation des Premi\u00e8res Nations a \u00e9t\u00e9 constitu\u00e9e le 6 f\u00e9vrier 2019. L&rsquo;objet de l&rsquo;Association est le suivant : Certification : Cr\u00e9er un corps professionnel certifi\u00e9 d&rsquo;administrateurs de l&rsquo;\u00e9ducation des Premi\u00e8res Nations D\u00e9veloppement professionnel : Cr\u00e9er des produits de qualit\u00e9 pour renforcer les capacit\u00e9s professionnelles individuelles, organisationnelles et communautaires Partnerships: Promote &hellip; Continue reading &quot;Darren Googoo&quot;\" \/>\n<meta property=\"og:url\" content=\"https:\/\/fneaa.ca\/fr\/a-propos-de-laaepn\/\" \/>\n<meta property=\"og:site_name\" content=\"AAEPN\" \/>\n<meta property=\"article:publisher\" content=\"https:\/\/www.facebook.com\/FNEAA2019\" \/>\n<meta property=\"article:modified_time\" content=\"2021-12-16T22:41:31+00:00\" \/>\n<meta property=\"og:image\" content=\"https:\/\/fneaa.ca\/wp-content\/uploads\/2021\/09\/about-us-collage.jpg\" \/>\n<meta name=\"twitter:card\" content=\"summary_large_image\" \/>\n<meta name=\"twitter:site\" content=\"@FNEAA1\" \/>\n<meta name=\"twitter:label1\" content=\"Dur\u00e9e de lecture estim\u00e9e\" \/>\n\t<meta name=\"twitter:data1\" content=\"1 minute\" \/>\n<script type=\"application\/ld+json\" class=\"yoast-schema-graph\">{\"@context\":\"https:\\\/\\\/schema.org\",\"@graph\":[{\"@type\":\"WebPage\",\"@id\":\"https:\\\/\\\/fneaa.ca\\\/fr\\\/a-propos-de-laaepn\\\/\",\"url\":\"https:\\\/\\\/fneaa.ca\\\/fr\\\/a-propos-de-laaepn\\\/\",\"name\":\"\u00c0 propos de l'AAEPN - AAEPN\",\"isPartOf\":{\"@id\":\"https:\\\/\\\/fneaa.ca\\\/#website\"},\"primaryImageOfPage\":{\"@id\":\"https:\\\/\\\/fneaa.ca\\\/fr\\\/a-propos-de-laaepn\\\/#primaryimage\"},\"image\":{\"@id\":\"https:\\\/\\\/fneaa.ca\\\/fr\\\/a-propos-de-laaepn\\\/#primaryimage\"},\"thumbnailUrl\":\"https:\\\/\\\/fneaa.ca\\\/wp-content\\\/uploads\\\/2021\\\/09\\\/about-us-collage.jpg\",\"datePublished\":\"2021-12-15T16:36:39+00:00\",\"dateModified\":\"2021-12-16T22:41:31+00:00\",\"breadcrumb\":{\"@id\":\"https:\\\/\\\/fneaa.ca\\\/fr\\\/a-propos-de-laaepn\\\/#breadcrumb\"},\"inLanguage\":\"fr-FR\",\"potentialAction\":[{\"@type\":\"ReadAction\",\"target\":[\"https:\\\/\\\/fneaa.ca\\\/fr\\\/a-propos-de-laaepn\\\/\"]}]},{\"@type\":\"ImageObject\",\"inLanguage\":\"fr-FR\",\"@id\":\"https:\\\/\\\/fneaa.ca\\\/fr\\\/a-propos-de-laaepn\\\/#primaryimage\",\"url\":\"https:\\\/\\\/fneaa.ca\\\/wp-content\\\/uploads\\\/2021\\\/09\\\/about-us-collage.jpg\",\"contentUrl\":\"https:\\\/\\\/fneaa.ca\\\/wp-content\\\/uploads\\\/2021\\\/09\\\/about-us-collage.jpg\"},{\"@type\":\"BreadcrumbList\",\"@id\":\"https:\\\/\\\/fneaa.ca\\\/fr\\\/a-propos-de-laaepn\\\/#breadcrumb\",\"itemListElement\":[{\"@type\":\"ListItem\",\"position\":1,\"name\":\"Home\",\"item\":\"https:\\\/\\\/fneaa.ca\\\/fr\\\/accueil\\\/\"},{\"@type\":\"ListItem\",\"position\":2,\"name\":\"\u00c0 propos de l&#8217;AAEPN\"}]},{\"@type\":\"WebSite\",\"@id\":\"https:\\\/\\\/fneaa.ca\\\/#website\",\"url\":\"https:\\\/\\\/fneaa.ca\\\/\",\"name\":\"FNEAA - First Nations Education Administrators Association\",\"description\":\"Association des administrateurs de l'\u00e9ducation des Premi\u00e8res Nations\",\"publisher\":{\"@id\":\"https:\\\/\\\/fneaa.ca\\\/#organization\"},\"potentialAction\":[{\"@type\":\"SearchAction\",\"target\":{\"@type\":\"EntryPoint\",\"urlTemplate\":\"https:\\\/\\\/fneaa.ca\\\/?s={search_term_string}\"},\"query-input\":{\"@type\":\"PropertyValueSpecification\",\"valueRequired\":true,\"valueName\":\"search_term_string\"}}],\"inLanguage\":\"fr-FR\"},{\"@type\":\"Organization\",\"@id\":\"https:\\\/\\\/fneaa.ca\\\/#organization\",\"name\":\"First Nations Education Administrators Association\",\"url\":\"https:\\\/\\\/fneaa.ca\\\/\",\"logo\":{\"@type\":\"ImageObject\",\"inLanguage\":\"fr-FR\",\"@id\":\"https:\\\/\\\/fneaa.ca\\\/#\\\/schema\\\/logo\\\/image\\\/\",\"url\":\"https:\\\/\\\/fneaa.ca\\\/wp-content\\\/uploads\\\/2021\\\/09\\\/fneaa_logo.svg\",\"contentUrl\":\"https:\\\/\\\/fneaa.ca\\\/wp-content\\\/uploads\\\/2021\\\/09\\\/fneaa_logo.svg\",\"width\":367,\"height\":105,\"caption\":\"First Nations Education Administrators Association\"},\"image\":{\"@id\":\"https:\\\/\\\/fneaa.ca\\\/#\\\/schema\\\/logo\\\/image\\\/\"},\"sameAs\":[\"https:\\\/\\\/www.facebook.com\\\/FNEAA2019\",\"https:\\\/\\\/x.com\\\/FNEAA1\",\"https:\\\/\\\/www.instagram.com\\\/fneaa1\\\/?hl=en\"]}]}<\/script>\n<!-- \/ Yoast SEO plugin. -->","yoast_head_json":{"title":"\u00c0 propos de l'AAEPN - AAEPN","robots":{"index":"index","follow":"follow","max-snippet":"max-snippet:-1","max-image-preview":"max-image-preview:large","max-video-preview":"max-video-preview:-1"},"canonical":"https:\/\/fneaa.ca\/fr\/a-propos-de-laaepn\/","og_locale":"fr_FR","og_type":"article","og_title":"\u00c0 propos de l'AAEPN - AAEPN","og_description":"aper\u00e7u L&rsquo;Association des administrateurs de l&rsquo;\u00e9ducation des Premi\u00e8res Nations a \u00e9t\u00e9 constitu\u00e9e le 6 f\u00e9vrier 2019. L&rsquo;objet de l&rsquo;Association est le suivant : Certification : Cr\u00e9er un corps professionnel certifi\u00e9 d&rsquo;administrateurs de l&rsquo;\u00e9ducation des Premi\u00e8res Nations D\u00e9veloppement professionnel : Cr\u00e9er des produits de qualit\u00e9 pour renforcer les capacit\u00e9s professionnelles individuelles, organisationnelles et communautaires Partnerships: Promote &hellip; Continue reading \"Darren Googoo\"","og_url":"https:\/\/fneaa.ca\/fr\/a-propos-de-laaepn\/","og_site_name":"AAEPN","article_publisher":"https:\/\/www.facebook.com\/FNEAA2019","article_modified_time":"2021-12-16T22:41:31+00:00","og_image":[{"url":"https:\/\/fneaa.ca\/wp-content\/uploads\/2021\/09\/about-us-collage.jpg","type":"","width":"","height":""}],"twitter_card":"summary_large_image","twitter_site":"@FNEAA1","twitter_misc":{"Dur\u00e9e de lecture estim\u00e9e":"1 minute"},"schema":{"@context":"https:\/\/schema.org","@graph":[{"@type":"WebPage","@id":"https:\/\/fneaa.ca\/fr\/a-propos-de-laaepn\/","url":"https:\/\/fneaa.ca\/fr\/a-propos-de-laaepn\/","name":"\u00c0 propos de l'AAEPN - AAEPN","isPartOf":{"@id":"https:\/\/fneaa.ca\/#website"},"primaryImageOfPage":{"@id":"https:\/\/fneaa.ca\/fr\/a-propos-de-laaepn\/#primaryimage"},"image":{"@id":"https:\/\/fneaa.ca\/fr\/a-propos-de-laaepn\/#primaryimage"},"thumbnailUrl":"https:\/\/fneaa.ca\/wp-content\/uploads\/2021\/09\/about-us-collage.jpg","datePublished":"2021-12-15T16:36:39+00:00","dateModified":"2021-12-16T22:41:31+00:00","breadcrumb":{"@id":"https:\/\/fneaa.ca\/fr\/a-propos-de-laaepn\/#breadcrumb"},"inLanguage":"fr-FR","potentialAction":[{"@type":"ReadAction","target":["https:\/\/fneaa.ca\/fr\/a-propos-de-laaepn\/"]}]},{"@type":"ImageObject","inLanguage":"fr-FR","@id":"https:\/\/fneaa.ca\/fr\/a-propos-de-laaepn\/#primaryimage","url":"https:\/\/fneaa.ca\/wp-content\/uploads\/2021\/09\/about-us-collage.jpg","contentUrl":"https:\/\/fneaa.ca\/wp-content\/uploads\/2021\/09\/about-us-collage.jpg"},{"@type":"BreadcrumbList","@id":"https:\/\/fneaa.ca\/fr\/a-propos-de-laaepn\/#breadcrumb","itemListElement":[{"@type":"ListItem","position":1,"name":"Home","item":"https:\/\/fneaa.ca\/fr\/accueil\/"},{"@type":"ListItem","position":2,"name":"\u00c0 propos de l&#8217;AAEPN"}]},{"@type":"WebSite","@id":"https:\/\/fneaa.ca\/#website","url":"https:\/\/fneaa.ca\/","name":"FNEAA - First Nations Education Administrators Association","description":"Association des administrateurs de l'\u00e9ducation des Premi\u00e8res Nations","publisher":{"@id":"https:\/\/fneaa.ca\/#organization"},"potentialAction":[{"@type":"SearchAction","target":{"@type":"EntryPoint","urlTemplate":"https:\/\/fneaa.ca\/?s={search_term_string}"},"query-input":{"@type":"PropertyValueSpecification","valueRequired":true,"valueName":"search_term_string"}}],"inLanguage":"fr-FR"},{"@type":"Organization","@id":"https:\/\/fneaa.ca\/#organization","name":"First Nations Education Administrators Association","url":"https:\/\/fneaa.ca\/","logo":{"@type":"ImageObject","inLanguage":"fr-FR","@id":"https:\/\/fneaa.ca\/#\/schema\/logo\/image\/","url":"https:\/\/fneaa.ca\/wp-content\/uploads\/2021\/09\/fneaa_logo.svg","contentUrl":"https:\/\/fneaa.ca\/wp-content\/uploads\/2021\/09\/fneaa_logo.svg","width":367,"height":105,"caption":"First Nations Education Administrators Association"},"image":{"@id":"https:\/\/fneaa.ca\/#\/schema\/logo\/image\/"},"sameAs":["https:\/\/www.facebook.com\/FNEAA2019","https:\/\/x.com\/FNEAA1","https:\/\/www.instagram.com\/fneaa1\/?hl=en"]}]}},"_links":{"self":[{"href":"https:\/\/fneaa.ca\/fr\/wp-json\/wp\/v2\/pages\/2630","targetHints":{"allow":["GET"]}}],"collection":[{"href":"https:\/\/fneaa.ca\/fr\/wp-json\/wp\/v2\/pages"}],"about":[{"href":"https:\/\/fneaa.ca\/fr\/wp-json\/wp\/v2\/types\/page"}],"author":[{"embeddable":true,"href":"https:\/\/fneaa.ca\/fr\/wp-json\/wp\/v2\/users\/216"}],"replies":[{"embeddable":true,"href":"https:\/\/fneaa.ca\/fr\/wp-json\/wp\/v2\/comments?post=2630"}],"version-history":[{"count":0,"href":"https:\/\/fneaa.ca\/fr\/wp-json\/wp\/v2\/pages\/2630\/revisions"}],"wp:attachment":[{"href":"https:\/\/fneaa.ca\/fr\/wp-json\/wp\/v2\/media?parent=2630"}],"curies":[{"name":"wp","href":"https:\/\/api.w.org\/{rel}","templated":true}]}}