
{"id":2624,"date":"2021-12-15T11:20:49","date_gmt":"2021-12-15T16:20:49","guid":{"rendered":"https:\/\/fneaa.ca\/conseil-daministration\/"},"modified":"2021-12-15T11:20:54","modified_gmt":"2021-12-15T16:20:54","slug":"conseil-daministration","status":"publish","type":"page","link":"https:\/\/fneaa.ca\/fr\/conseil-daministration\/","title":{"rendered":"Conseil d&rsquo;aministration"},"content":{"rendered":"\t\t<div data-elementor-type=\"wp-page\" data-elementor-id=\"2624\" class=\"elementor elementor-2624 elementor-196\" data-elementor-post-type=\"page\">\n\t\t\t\t\t\t<section class=\"elementor-section elementor-top-section elementor-element elementor-element-8240400 col-leaf-right small-leaf elementor-section-boxed elementor-section-height-default elementor-section-height-default\" data-id=\"8240400\" data-element_type=\"section\" data-e-type=\"section\">\n\t\t\t\t\t\t<div class=\"elementor-container elementor-column-gap-default\">\n\t\t\t\t\t<div class=\"elementor-column elementor-col-100 elementor-top-column elementor-element elementor-element-e9d05d5\" data-id=\"e9d05d5\" data-element_type=\"column\" data-e-type=\"column\">\n\t\t\t<div class=\"elementor-widget-wrap elementor-element-populated\">\n\t\t\t\t\t\t<div class=\"elementor-element elementor-element-b399e5b elementor-widget elementor-widget-text-editor\" data-id=\"b399e5b\" data-element_type=\"widget\" data-e-type=\"widget\" data-widget_type=\"text-editor.default\">\n\t\t\t\t<div class=\"elementor-widget-container\">\n\t\t\t\t\t\t\t\t\t<h4 class=\"header-border\">Le Conseil d&rsquo;administration est l&rsquo;instance dirigeante qui supervise le fonctionnement strat\u00e9gique et efficace de l&rsquo;AAEPN. Cet organe s&rsquo;est engag\u00e9 activement \u00e0 assurer la mise en place et le fonctionnement de l&rsquo;Association.<\/h4>\n\t\t\t\t\t\t\t\t<\/div>\n\t\t\t\t<\/div>\n\t\t\t\t\t<\/div>\n\t\t<\/div>\n\t\t\t\t\t<\/div>\n\t\t<\/section>\n\t\t\t\t<section class=\"elementor-section elementor-top-section elementor-element elementor-element-1257f0f elementor-section-boxed elementor-section-height-default elementor-section-height-default\" data-id=\"1257f0f\" data-element_type=\"section\" data-e-type=\"section\">\n\t\t\t\t\t\t<div class=\"elementor-container elementor-column-gap-default\">\n\t\t\t\t\t<div class=\"elementor-column elementor-col-100 elementor-top-column elementor-element elementor-element-74fb004\" data-id=\"74fb004\" data-element_type=\"column\" data-e-type=\"column\">\n\t\t\t<div class=\"elementor-widget-wrap elementor-element-populated\">\n\t\t\t\t\t\t<div class=\"elementor-element elementor-element-5482a06 elementor-widget elementor-widget-text-editor\" data-id=\"5482a06\" data-element_type=\"widget\" data-e-type=\"widget\" data-widget_type=\"text-editor.default\">\n\t\t\t\t<div class=\"elementor-widget-container\">\n\t\t\t\t\t\t\t\t\t<div class=\"container\"><div class=\"row\"><div class=\"col-lg-4 col-md-6 col-sm-6\">\r\n\r\n<div class=\"board-member-post\">\r\n    <div class=\"avatar\">\r\n                    <img decoding=\"async\" src=\"https:\/\/fneaa.ca\/wp-content\/uploads\/2021\/09\/darren.jpg\" alt=\"\">\r\n            <\/div>\r\n    <p class=\"name\">Darren Googoo<\/p>\r\n    <p class=\"official-title\">Pr\u00e9sident<\/p> \r\n    <p class=\"academic-title\">Directeur de l&#039;\u00e9ducation<\/p> \r\n    <p class=\"location\">Premi\u00e8re Nation de Membertou, N.-\u00c9.<\/p> \r\n\r\n        \r\n<\/div><\/div><div class=\"col-lg-4 col-md-6 col-sm-6\">\r\n\r\n<div class=\"board-member-post\">\r\n    <div class=\"avatar\">\r\n                    <img decoding=\"async\" src=\"https:\/\/fneaa.ca\/wp-content\/uploads\/2021\/09\/paulette.jpg\" alt=\"\">\r\n            <\/div>\r\n    <p class=\"name\">Dr. Paulette Tremblay<\/p>\r\n    <p class=\"official-title\">Pr\u00e9sidente et PDG<\/p> \r\n    <p class=\"academic-title\">Association des administrateurs de l&#039;\u00e9ducation des Premi\u00e8res Nations<\/p> \r\n    <p class=\"location\">Akwesasne, ON <\/p> \r\n\r\n        \r\n<\/div><\/div><div class=\"col-lg-4 col-md-6 col-sm-6\">\r\n\r\n<div class=\"board-member-post\">\r\n    <div class=\"avatar\">\r\n                    <img decoding=\"async\" src=\"https:\/\/fneaa.ca\/wp-content\/uploads\/2021\/09\/davin.jpg\" alt=\"\">\r\n            <\/div>\r\n    <p class=\"name\">Davin Dumas<\/p>\r\n    <p class=\"official-title\">Administrateur<\/p> \r\n    <p class=\"academic-title\">Directeur de la langue et de la culture<\/p> \r\n    <p class=\"location\">Manitoba First Nations Education Resource Centre Inc., MB<\/p> \r\n\r\n        \r\n<\/div><\/div><div class=\"col-lg-4 col-md-6 col-sm-6\">\r\n\r\n<div class=\"board-member-post\">\r\n    <div class=\"avatar\">\r\n                    <img decoding=\"async\" src=\"https:\/\/fneaa.ca\/wp-content\/uploads\/2021\/09\/Janice.jpg\" alt=\"\">\r\n            <\/div>\r\n    <p class=\"name\">Janice Ciavaglia<\/p>\r\n    <p class=\"official-title\">Administrateur<\/p> \r\n    <p class=\"academic-title\">Chef de la direction<\/p> \r\n    <p class=\"location\">Assembl\u00e9e des Premi\u00e8res Nations Ottawa, ON <\/p> \r\n\r\n        \r\n<\/div><\/div><div class=\"col-lg-4 col-md-6 col-sm-6\">\r\n\r\n<div class=\"board-member-post\">\r\n    <div class=\"avatar\">\r\n                    <img decoding=\"async\" src=\"https:\/\/fneaa.ca\/wp-content\/uploads\/2021\/09\/melanie.jpg\" alt=\"\">\r\n            <\/div>\r\n    <p class=\"name\">Melanie Bennett<\/p>\r\n    <p class=\"official-title\">Administrateur<\/p> \r\n    <p class=\"academic-title\">Directrice ex\u00e9cutive<\/p> \r\n    <p class=\"location\">Yukon First Nations Education Directorate, YK<\/p> \r\n\r\n        \r\n<\/div><\/div><div class=\"col-lg-4 col-md-6 col-sm-6\">\r\n\r\n<div class=\"board-member-post\">\r\n    <div class=\"avatar\">\r\n                    <img decoding=\"async\" src=\"https:\/\/fneaa.ca\/wp-content\/uploads\/2021\/09\/maureen.jpg\" alt=\"\">\r\n            <\/div>\r\n    <p class=\"name\">Maureen Johns<\/p>\r\n    <p class=\"official-title\">Vice-pr\u00e9sidente<\/p> \r\n    <p class=\"academic-title\">Directeur de l&#039;\u00e9ducation<\/p> \r\n    <p class=\"location\">Premi\u00e8re nation Pasqua, SK<\/p> \r\n\r\n        \r\n<\/div><\/div><div class=\"col-lg-4 col-md-6 col-sm-6\">\r\n\r\n<div class=\"board-member-post\">\r\n    <div class=\"avatar\">\r\n                                    <img decoding=\"async\" src=\"https:\/\/fneaa.ca\/wp-content\/themes\/fneaa-theme\/assets\/images\/board\/default-female.jpg\" alt=\"\">\r\n                        <\/div>\r\n    <p class=\"name\">Tracey O&#039;Reilly<\/p>\r\n    <p class=\"official-title\">Secr\u00e9taire-Tr\u00e9sori\u00e8re<\/p> \r\n    <p class=\"academic-title\">Directeur de l&#039;\u00e9ducation <\/p> \r\n    <p class=\"location\">Premi\u00e8re Nation de Membertou, N.-\u00c9.<\/p> \r\n\r\n        \r\n<\/div><\/div><div class=\"col-lg-4 col-md-6 col-sm-6\">\r\n\r\n<div class=\"board-member-post\">\r\n    <div class=\"avatar\">\r\n                    <img decoding=\"async\" src=\"https:\/\/fneaa.ca\/wp-content\/uploads\/2021\/11\/bill-shade.jpg\" alt=\"\">\r\n            <\/div>\r\n    <p class=\"name\">Bill Shade<\/p>\r\n    <p class=\"official-title\">Administrateur<\/p> \r\n    <p class=\"academic-title\">Directeur<\/p> \r\n    <p class=\"location\">Stoney Education Authority, AB<\/p> \r\n\r\n        \r\n<\/div><\/div><\/div><\/div>\n\t\t\t\t\t\t\t\t<\/div>\n\t\t\t\t<\/div>\n\t\t\t\t\t<\/div>\n\t\t<\/div>\n\t\t\t\t\t<\/div>\n\t\t<\/section>\n\t\t\t\t<\/div>\n\t\t","protected":false},"excerpt":{"rendered":"<p>Le Conseil d&rsquo;administration est l&rsquo;instance dirigeante qui supervise le fonctionnement strat\u00e9gique et efficace de l&rsquo;AAEPN. Cet organe s&rsquo;est engag\u00e9 activement \u00e0 assurer la mise en place et le fonctionnement de l&rsquo;Association.<\/p>\n","protected":false},"author":216,"featured_media":0,"parent":0,"menu_order":55,"comment_status":"closed","ping_status":"closed","template":"","meta":{"_eb_attr":"","footnotes":""},"class_list":["post-2624","page","type-page","status-publish","hentry"],"yoast_head":"<!-- This site is optimized with the Yoast SEO plugin v27.3 - https:\/\/yoast.com\/product\/yoast-seo-wordpress\/ -->\n<title>Conseil d&#039;aministration - AAEPN<\/title>\n<meta name=\"robots\" content=\"index, follow, max-snippet:-1, max-image-preview:large, max-video-preview:-1\" \/>\n<link rel=\"canonical\" href=\"https:\/\/fneaa.ca\/fr\/conseil-daministration\/\" \/>\n<meta property=\"og:locale\" content=\"fr_FR\" \/>\n<meta property=\"og:type\" content=\"article\" \/>\n<meta property=\"og:title\" content=\"Conseil d&#039;aministration - AAEPN\" \/>\n<meta property=\"og:description\" content=\"Le Conseil d&rsquo;administration est l&rsquo;instance dirigeante qui supervise le fonctionnement strat\u00e9gique et efficace de l&rsquo;AAEPN. Cet organe s&rsquo;est engag\u00e9 activement \u00e0 assurer la mise en place et le fonctionnement de l&rsquo;Association.\" \/>\n<meta property=\"og:url\" content=\"https:\/\/fneaa.ca\/fr\/conseil-daministration\/\" \/>\n<meta property=\"og:site_name\" content=\"AAEPN\" \/>\n<meta property=\"article:publisher\" content=\"https:\/\/www.facebook.com\/FNEAA2019\" \/>\n<meta property=\"article:modified_time\" content=\"2021-12-15T16:20:54+00:00\" \/>\n<meta name=\"twitter:card\" content=\"summary_large_image\" \/>\n<meta name=\"twitter:site\" content=\"@FNEAA1\" \/>\n<script type=\"application\/ld+json\" class=\"yoast-schema-graph\">{\"@context\":\"https:\\\/\\\/schema.org\",\"@graph\":[{\"@type\":\"WebPage\",\"@id\":\"https:\\\/\\\/fneaa.ca\\\/fr\\\/conseil-daministration\\\/\",\"url\":\"https:\\\/\\\/fneaa.ca\\\/fr\\\/conseil-daministration\\\/\",\"name\":\"Conseil d'aministration - AAEPN\",\"isPartOf\":{\"@id\":\"https:\\\/\\\/fneaa.ca\\\/#website\"},\"datePublished\":\"2021-12-15T16:20:49+00:00\",\"dateModified\":\"2021-12-15T16:20:54+00:00\",\"breadcrumb\":{\"@id\":\"https:\\\/\\\/fneaa.ca\\\/fr\\\/conseil-daministration\\\/#breadcrumb\"},\"inLanguage\":\"fr-FR\",\"potentialAction\":[{\"@type\":\"ReadAction\",\"target\":[\"https:\\\/\\\/fneaa.ca\\\/fr\\\/conseil-daministration\\\/\"]}]},{\"@type\":\"BreadcrumbList\",\"@id\":\"https:\\\/\\\/fneaa.ca\\\/fr\\\/conseil-daministration\\\/#breadcrumb\",\"itemListElement\":[{\"@type\":\"ListItem\",\"position\":1,\"name\":\"Home\",\"item\":\"https:\\\/\\\/fneaa.ca\\\/fr\\\/accueil\\\/\"},{\"@type\":\"ListItem\",\"position\":2,\"name\":\"Conseil d&#8217;aministration\"}]},{\"@type\":\"WebSite\",\"@id\":\"https:\\\/\\\/fneaa.ca\\\/#website\",\"url\":\"https:\\\/\\\/fneaa.ca\\\/\",\"name\":\"FNEAA - First Nations Education Administrators Association\",\"description\":\"Association des administrateurs de l'\u00e9ducation des Premi\u00e8res Nations\",\"publisher\":{\"@id\":\"https:\\\/\\\/fneaa.ca\\\/#organization\"},\"potentialAction\":[{\"@type\":\"SearchAction\",\"target\":{\"@type\":\"EntryPoint\",\"urlTemplate\":\"https:\\\/\\\/fneaa.ca\\\/?s={search_term_string}\"},\"query-input\":{\"@type\":\"PropertyValueSpecification\",\"valueRequired\":true,\"valueName\":\"search_term_string\"}}],\"inLanguage\":\"fr-FR\"},{\"@type\":\"Organization\",\"@id\":\"https:\\\/\\\/fneaa.ca\\\/#organization\",\"name\":\"First Nations Education Administrators Association\",\"url\":\"https:\\\/\\\/fneaa.ca\\\/\",\"logo\":{\"@type\":\"ImageObject\",\"inLanguage\":\"fr-FR\",\"@id\":\"https:\\\/\\\/fneaa.ca\\\/#\\\/schema\\\/logo\\\/image\\\/\",\"url\":\"https:\\\/\\\/fneaa.ca\\\/wp-content\\\/uploads\\\/2021\\\/09\\\/fneaa_logo.svg\",\"contentUrl\":\"https:\\\/\\\/fneaa.ca\\\/wp-content\\\/uploads\\\/2021\\\/09\\\/fneaa_logo.svg\",\"width\":367,\"height\":105,\"caption\":\"First Nations Education Administrators Association\"},\"image\":{\"@id\":\"https:\\\/\\\/fneaa.ca\\\/#\\\/schema\\\/logo\\\/image\\\/\"},\"sameAs\":[\"https:\\\/\\\/www.facebook.com\\\/FNEAA2019\",\"https:\\\/\\\/x.com\\\/FNEAA1\",\"https:\\\/\\\/www.instagram.com\\\/fneaa1\\\/?hl=en\"]}]}<\/script>\n<!-- \/ Yoast SEO plugin. -->","yoast_head_json":{"title":"Conseil d'aministration - AAEPN","robots":{"index":"index","follow":"follow","max-snippet":"max-snippet:-1","max-image-preview":"max-image-preview:large","max-video-preview":"max-video-preview:-1"},"canonical":"https:\/\/fneaa.ca\/fr\/conseil-daministration\/","og_locale":"fr_FR","og_type":"article","og_title":"Conseil d'aministration - AAEPN","og_description":"Le Conseil d&rsquo;administration est l&rsquo;instance dirigeante qui supervise le fonctionnement strat\u00e9gique et efficace de l&rsquo;AAEPN. Cet organe s&rsquo;est engag\u00e9 activement \u00e0 assurer la mise en place et le fonctionnement de l&rsquo;Association.","og_url":"https:\/\/fneaa.ca\/fr\/conseil-daministration\/","og_site_name":"AAEPN","article_publisher":"https:\/\/www.facebook.com\/FNEAA2019","article_modified_time":"2021-12-15T16:20:54+00:00","twitter_card":"summary_large_image","twitter_site":"@FNEAA1","schema":{"@context":"https:\/\/schema.org","@graph":[{"@type":"WebPage","@id":"https:\/\/fneaa.ca\/fr\/conseil-daministration\/","url":"https:\/\/fneaa.ca\/fr\/conseil-daministration\/","name":"Conseil d'aministration - AAEPN","isPartOf":{"@id":"https:\/\/fneaa.ca\/#website"},"datePublished":"2021-12-15T16:20:49+00:00","dateModified":"2021-12-15T16:20:54+00:00","breadcrumb":{"@id":"https:\/\/fneaa.ca\/fr\/conseil-daministration\/#breadcrumb"},"inLanguage":"fr-FR","potentialAction":[{"@type":"ReadAction","target":["https:\/\/fneaa.ca\/fr\/conseil-daministration\/"]}]},{"@type":"BreadcrumbList","@id":"https:\/\/fneaa.ca\/fr\/conseil-daministration\/#breadcrumb","itemListElement":[{"@type":"ListItem","position":1,"name":"Home","item":"https:\/\/fneaa.ca\/fr\/accueil\/"},{"@type":"ListItem","position":2,"name":"Conseil d&#8217;aministration"}]},{"@type":"WebSite","@id":"https:\/\/fneaa.ca\/#website","url":"https:\/\/fneaa.ca\/","name":"FNEAA - First Nations Education Administrators Association","description":"Association des administrateurs de l'\u00e9ducation des Premi\u00e8res Nations","publisher":{"@id":"https:\/\/fneaa.ca\/#organization"},"potentialAction":[{"@type":"SearchAction","target":{"@type":"EntryPoint","urlTemplate":"https:\/\/fneaa.ca\/?s={search_term_string}"},"query-input":{"@type":"PropertyValueSpecification","valueRequired":true,"valueName":"search_term_string"}}],"inLanguage":"fr-FR"},{"@type":"Organization","@id":"https:\/\/fneaa.ca\/#organization","name":"First Nations Education Administrators Association","url":"https:\/\/fneaa.ca\/","logo":{"@type":"ImageObject","inLanguage":"fr-FR","@id":"https:\/\/fneaa.ca\/#\/schema\/logo\/image\/","url":"https:\/\/fneaa.ca\/wp-content\/uploads\/2021\/09\/fneaa_logo.svg","contentUrl":"https:\/\/fneaa.ca\/wp-content\/uploads\/2021\/09\/fneaa_logo.svg","width":367,"height":105,"caption":"First Nations Education Administrators Association"},"image":{"@id":"https:\/\/fneaa.ca\/#\/schema\/logo\/image\/"},"sameAs":["https:\/\/www.facebook.com\/FNEAA2019","https:\/\/x.com\/FNEAA1","https:\/\/www.instagram.com\/fneaa1\/?hl=en"]}]}},"_links":{"self":[{"href":"https:\/\/fneaa.ca\/fr\/wp-json\/wp\/v2\/pages\/2624","targetHints":{"allow":["GET"]}}],"collection":[{"href":"https:\/\/fneaa.ca\/fr\/wp-json\/wp\/v2\/pages"}],"about":[{"href":"https:\/\/fneaa.ca\/fr\/wp-json\/wp\/v2\/types\/page"}],"author":[{"embeddable":true,"href":"https:\/\/fneaa.ca\/fr\/wp-json\/wp\/v2\/users\/216"}],"replies":[{"embeddable":true,"href":"https:\/\/fneaa.ca\/fr\/wp-json\/wp\/v2\/comments?post=2624"}],"version-history":[{"count":0,"href":"https:\/\/fneaa.ca\/fr\/wp-json\/wp\/v2\/pages\/2624\/revisions"}],"wp:attachment":[{"href":"https:\/\/fneaa.ca\/fr\/wp-json\/wp\/v2\/media?parent=2624"}],"curies":[{"name":"wp","href":"https:\/\/api.w.org\/{rel}","templated":true}]}}