
{"id":2611,"date":"2021-12-15T11:17:31","date_gmt":"2021-12-15T16:17:31","guid":{"rendered":"https:\/\/fneaa.ca\/offres-demplois\/"},"modified":"2022-09-13T16:03:31","modified_gmt":"2022-09-13T20:03:31","slug":"offres-demplois","status":"publish","type":"page","link":"https:\/\/fneaa.ca\/fr\/offres-demplois\/","title":{"rendered":"Offres d&#8217;emplois"},"content":{"rendered":"\t\t<div data-elementor-type=\"wp-page\" data-elementor-id=\"2611\" class=\"elementor elementor-2611 elementor-235\" data-elementor-post-type=\"page\">\n\t\t\t\t\t\t<section class=\"elementor-section elementor-top-section elementor-element elementor-element-62d5fd4 elementor-section-boxed elementor-section-height-default elementor-section-height-default\" data-id=\"62d5fd4\" data-element_type=\"section\" data-e-type=\"section\">\n\t\t\t\t\t\t<div class=\"elementor-container elementor-column-gap-default\">\n\t\t\t\t\t<div class=\"elementor-column elementor-col-100 elementor-top-column elementor-element elementor-element-ea885ec\" data-id=\"ea885ec\" data-element_type=\"column\" data-e-type=\"column\">\n\t\t\t<div class=\"elementor-widget-wrap elementor-element-populated\">\n\t\t\t\t\t\t<div class=\"elementor-element elementor-element-8bf484a elementor-widget elementor-widget-text-editor\" data-id=\"8bf484a\" data-element_type=\"widget\" data-e-type=\"widget\" data-widget_type=\"text-editor.default\">\n\t\t\t\t<div class=\"elementor-widget-container\">\n\t\t\t\t\t\t\t\t\t<p><strong>Offres d\u2019emplois<\/strong><\/p><p>12 septembre 2022, Akwesasne<\/p><p>L&rsquo;Association des administrateurs de l&rsquo;\u00e9ducation des Premi\u00e8res Nations (AAEPN) a 4 nouvelles possibilit\u00e9s d&#8217;emploi pour des postes contractuels \u00e0 temps plein.<\/p><ul><li>Directeur des relations publiques et des services<\/li><li>Directeur des communications et services num\u00e9riques<\/li><li>Coordonnateur interdisciplinaire<\/li><li>Conseiller sp\u00e9cial du pr\u00e9sident et chef de la direction<\/li><\/ul><p>Pour une description compl\u00e8te des fonctions et responsabilit\u00e9s, voir les liens ci-dessous.\u00a0<\/p><p><strong>Directeur des relations publiques et des services<\/strong><\/p><p>Le directeur des relations publiques et des services aidera \u00e0 la mise en \u0153uvre et au maintien de la strat\u00e9gie de communication interne et externe de l&rsquo;AAEPN, r\u00e9digera et diffusera du mat\u00e9riel publicitaire, r\u00e9pondra aux demandes du public et des m\u00e9dias et coordonnera les \u00e9v\u00e9nements promotionnels.\u00a0\u00a0<\/p><div id=\"dflip_post_meta_box_shortcode\" class=\"postbox \"><div class=\"inside\"><div class=\"dflip-tabs normaltabs\"><div id=\"dflip_post_meta_box_shortcode\" class=\"postbox \"><div class=\"inside\"><div class=\"dflip-tabs normal-tabs\"><div id=\"dflip-tab-content-thumb\" class=\"dflip-tab-content dflip-active\"><div class=\"df-element df-lite\"  data-title=\"directeur-des-relations-publiques-et-des-services\" id=\"df_4535\" data-option=\"df_option_4535\"  data-lightbox=\"button\">Directeur des relations publiques et des services<\/div><script class=\"df-shortcode-script\" type=\"application\/javascript\">window.df_option_4535 = {\"source\":\"\",\"id\":\"4535\"}; if(window.DEARPDF && window.DEARPDF.parseElements){window.DEARPDF.parseElements();}<\/script><\/div><div>\u00a0<\/div><\/div><\/div><\/div><\/div><\/div><\/div><p><strong>Directeur des communications et services num\u00e9riques<\/strong><\/p><p>Le directeur des communications et des services num\u00e9riques d\u00e9veloppera des strat\u00e9gies, des processus et des normes li\u00e9s \u00e0 l&rsquo;infrastructure informatique de l&rsquo;organisation et supervisera les op\u00e9rations informatiques. Ils g\u00e9reront \u00e9galement les communications internes et externes concernant les produits, les \u00e9v\u00e9nements et les promotions sp\u00e9ciales de l&rsquo;AAEPN.<\/p><div class=\"df-element df-lite\"  data-title=\"directeur-des-communications-et-services-numeriques\" id=\"df_4536\" data-option=\"df_option_4536\"  data-lightbox=\"button\">Directeur des communications et services num\u00e9riques<\/div><script class=\"df-shortcode-script\" type=\"application\/javascript\">window.df_option_4536 = {\"source\":\"\",\"id\":\"4536\"}; if(window.DEARPDF && window.DEARPDF.parseElements){window.DEARPDF.parseElements();}<\/script><p><strong>Coordonnateur interdisciplinaire\u00a0 <\/strong><\/p><p>L&rsquo;Association des administrateurs de l&rsquo;\u00e9ducation des Premi\u00e8res Nations est \u00e0 la recherche d&rsquo;un coordonnateur interminist\u00e9riel hautement qualifi\u00e9. Les principales fonctions et responsabilit\u00e9s de ce poste sont l&rsquo;administration du bureau et la facilitation de la communication et de la collaboration entre les d\u00e9partements.<\/p><div id=\"dearpdf-tab-content-lightbox\" class=\"dearpdf-tab-content dearpdf-active\"><div class=\"df-element df-lite\"  data-title=\"coordonnateur-interdisciplinaire\" id=\"df_4511\" data-option=\"df_option_4511\"  data-lightbox=\"button\">Coordonnateur interdisciplinaire\u00a0<\/div><script class=\"df-shortcode-script\" type=\"application\/javascript\">window.df_option_4511 = {\"source\":\"\",\"id\":\"4511\"}; if(window.DEARPDF && window.DEARPDF.parseElements){window.DEARPDF.parseElements();}<\/script><\/div><p>\u00a0<\/p><p><strong>Conseiller sp\u00e9cial du pr\u00e9sident et chef de la direction<\/strong><\/p><p>Le conseiller sp\u00e9cial du pr\u00e9sident-directeur g\u00e9n\u00e9ral coordonnera les r\u00e9unions et tiendra le pr\u00e9sident-directeur g\u00e9n\u00e9ral inform\u00e9 des demandes, des urgences organisationnelles et des probl\u00e8mes qui pourraient survenir. Ils pr\u00e9pareront \u00e9galement les convocations aux r\u00e9unions et les ordres du jour du conseil d&rsquo;administration en collaboration avec le pr\u00e9sident et chef de la direction.<\/p><div id=\"dearpdf-tab-content-lightbox\" class=\"dearpdf-tab-content dearpdf-active\"><div class=\"df-element df-lite\"  data-title=\"conseiller-special-du-president-et-chef-de-la-direction\" id=\"df_4531\" data-option=\"df_option_4531\"  data-lightbox=\"button\">Conseiller sp\u00e9cial du pr\u00e9sident et chef de la direction <\/div><script class=\"df-shortcode-script\" type=\"application\/javascript\">window.df_option_4531 = {\"source\":\"\",\"id\":\"4531\"}; if(window.DEARPDF && window.DEARPDF.parseElements){window.DEARPDF.parseElements();}<\/script><\/div><div>\u00a0<\/div><p><strong>Salaire<\/strong> : L&rsquo;AAEPN offre des salaires comp\u00e9titifs, des avantages sociaux et un r\u00e9gime de retraite. <strong>Lieu de travail<\/strong> : Akwesasne, Ontario. Possibilit\u00e9 de travailler \u00e0 distance.<\/p><p><strong>Date limite<\/strong>\u00a0: jusqu&rsquo;\u00e0 ce que\u00a0le\u00a0poste\u00a0soit combl\u00e9<\/p><p><strong>Dur\u00e9e<\/strong> : Poste \u00e0 temps plein, contrat \u00e0 dur\u00e9e ind\u00e9termin\u00e9e jusqu&rsquo;au 31 mars 2023. Peut \u00eatre prolong\u00e9 avec la r\u00e9ussite des fonctions du poste et la disponibilit\u00e9 d&rsquo;un financement continu.<\/p><p><strong>Coordonn\u00e9es:<\/strong><\/p><p>Pour les personnes qui souhaitent postuler, veuillez soumettre une lettre de motivation d\u00e9montrant clairement comment elles r\u00e9pondent aux crit\u00e8res ci-dessus ainsi qu&rsquo;un curriculum vitae \u00e0 jour, avec trois (3) r\u00e9f\u00e9rences professionnelles \u00e0\u00a0:<\/p><p>\u00a0<\/p><p>AAEPN, Ressources Humaines<\/p><p>5 &#8211; 167, chemin international, Akwesasne (Ontario) K6H 0G5<\/p><p>Courriel : mlamontagne@fneaa.ca<\/p><p>Seuls les candidats convoqu\u00e9s \u00e0 un entretien seront contact\u00e9s. (\u00c0 tout moment, l&rsquo;AAEPN peut annuler, reporter ou r\u00e9viser les opportunit\u00e9s d&#8217;emploi.)<\/p>\t\t\t\t\t\t\t\t<\/div>\n\t\t\t\t<\/div>\n\t\t\t\t\t<\/div>\n\t\t<\/div>\n\t\t\t\t\t<\/div>\n\t\t<\/section>\n\t\t\t\t<\/div>\n\t\t","protected":false},"excerpt":{"rendered":"<p>Offres d\u2019emplois 12 septembre 2022, Akwesasne L&rsquo;Association des administrateurs de l&rsquo;\u00e9ducation des Premi\u00e8res Nations (AAEPN) a 4 nouvelles possibilit\u00e9s d&#8217;emploi pour des postes contractuels \u00e0 temps plein. Directeur des relations publiques et des services Directeur des communications et services num\u00e9riques Coordonnateur interdisciplinaire Conseiller sp\u00e9cial du pr\u00e9sident et chef de la direction Pour une description compl\u00e8te &hellip; <\/p>\n<p class=\"link-more\"><a href=\"https:\/\/fneaa.ca\/fr\/offres-demplois\/\" class=\"more-link\">Continue reading<span class=\"screen-reader-text\"> \u00ab\u00a0Offres d&#8217;emplois\u00a0\u00bb<\/span><\/a><\/p>\n","protected":false},"author":216,"featured_media":0,"parent":0,"menu_order":64,"comment_status":"closed","ping_status":"closed","template":"","meta":{"_eb_attr":"","footnotes":""},"class_list":["post-2611","page","type-page","status-publish","hentry"],"yoast_head":"<!-- This site is optimized with the Yoast SEO plugin v27.3 - https:\/\/yoast.com\/product\/yoast-seo-wordpress\/ -->\n<title>Offres d&#039;emplois - AAEPN<\/title>\n<meta name=\"robots\" content=\"index, follow, max-snippet:-1, max-image-preview:large, max-video-preview:-1\" \/>\n<link rel=\"canonical\" href=\"https:\/\/fneaa.ca\/fr\/offres-demplois\/\" \/>\n<meta property=\"og:locale\" content=\"fr_FR\" \/>\n<meta property=\"og:type\" content=\"article\" \/>\n<meta property=\"og:title\" content=\"Offres d&#039;emplois - AAEPN\" \/>\n<meta property=\"og:description\" content=\"Offres d\u2019emplois 12 septembre 2022, Akwesasne L&rsquo;Association des administrateurs de l&rsquo;\u00e9ducation des Premi\u00e8res Nations (AAEPN) a 4 nouvelles possibilit\u00e9s d&#8217;emploi pour des postes contractuels \u00e0 temps plein. Directeur des relations publiques et des services Directeur des communications et services num\u00e9riques Coordonnateur interdisciplinaire Conseiller sp\u00e9cial du pr\u00e9sident et chef de la direction Pour une description compl\u00e8te &hellip; Continue reading &quot;Offres d&#8217;emplois&quot;\" \/>\n<meta property=\"og:url\" content=\"https:\/\/fneaa.ca\/fr\/offres-demplois\/\" \/>\n<meta property=\"og:site_name\" content=\"AAEPN\" \/>\n<meta property=\"article:publisher\" content=\"https:\/\/www.facebook.com\/FNEAA2019\" \/>\n<meta property=\"article:modified_time\" content=\"2022-09-13T20:03:31+00:00\" \/>\n<meta name=\"twitter:card\" content=\"summary_large_image\" \/>\n<meta name=\"twitter:site\" content=\"@FNEAA1\" \/>\n<meta name=\"twitter:label1\" content=\"Dur\u00e9e de lecture estim\u00e9e\" \/>\n\t<meta name=\"twitter:data1\" content=\"2 minutes\" \/>\n<script type=\"application\/ld+json\" class=\"yoast-schema-graph\">{\"@context\":\"https:\\\/\\\/schema.org\",\"@graph\":[{\"@type\":\"WebPage\",\"@id\":\"https:\\\/\\\/fneaa.ca\\\/fr\\\/offres-demplois\\\/\",\"url\":\"https:\\\/\\\/fneaa.ca\\\/fr\\\/offres-demplois\\\/\",\"name\":\"Offres d'emplois - AAEPN\",\"isPartOf\":{\"@id\":\"https:\\\/\\\/fneaa.ca\\\/#website\"},\"datePublished\":\"2021-12-15T16:17:31+00:00\",\"dateModified\":\"2022-09-13T20:03:31+00:00\",\"breadcrumb\":{\"@id\":\"https:\\\/\\\/fneaa.ca\\\/fr\\\/offres-demplois\\\/#breadcrumb\"},\"inLanguage\":\"fr-FR\",\"potentialAction\":[{\"@type\":\"ReadAction\",\"target\":[\"https:\\\/\\\/fneaa.ca\\\/fr\\\/offres-demplois\\\/\"]}]},{\"@type\":\"BreadcrumbList\",\"@id\":\"https:\\\/\\\/fneaa.ca\\\/fr\\\/offres-demplois\\\/#breadcrumb\",\"itemListElement\":[{\"@type\":\"ListItem\",\"position\":1,\"name\":\"Home\",\"item\":\"https:\\\/\\\/fneaa.ca\\\/fr\\\/accueil\\\/\"},{\"@type\":\"ListItem\",\"position\":2,\"name\":\"Offres d&#8217;emplois\"}]},{\"@type\":\"WebSite\",\"@id\":\"https:\\\/\\\/fneaa.ca\\\/#website\",\"url\":\"https:\\\/\\\/fneaa.ca\\\/\",\"name\":\"FNEAA - First Nations Education Administrators Association\",\"description\":\"Association des administrateurs de l'\u00e9ducation des Premi\u00e8res Nations\",\"publisher\":{\"@id\":\"https:\\\/\\\/fneaa.ca\\\/#organization\"},\"potentialAction\":[{\"@type\":\"SearchAction\",\"target\":{\"@type\":\"EntryPoint\",\"urlTemplate\":\"https:\\\/\\\/fneaa.ca\\\/?s={search_term_string}\"},\"query-input\":{\"@type\":\"PropertyValueSpecification\",\"valueRequired\":true,\"valueName\":\"search_term_string\"}}],\"inLanguage\":\"fr-FR\"},{\"@type\":\"Organization\",\"@id\":\"https:\\\/\\\/fneaa.ca\\\/#organization\",\"name\":\"First Nations Education Administrators Association\",\"url\":\"https:\\\/\\\/fneaa.ca\\\/\",\"logo\":{\"@type\":\"ImageObject\",\"inLanguage\":\"fr-FR\",\"@id\":\"https:\\\/\\\/fneaa.ca\\\/#\\\/schema\\\/logo\\\/image\\\/\",\"url\":\"https:\\\/\\\/fneaa.ca\\\/wp-content\\\/uploads\\\/2021\\\/09\\\/fneaa_logo.svg\",\"contentUrl\":\"https:\\\/\\\/fneaa.ca\\\/wp-content\\\/uploads\\\/2021\\\/09\\\/fneaa_logo.svg\",\"width\":367,\"height\":105,\"caption\":\"First Nations Education Administrators Association\"},\"image\":{\"@id\":\"https:\\\/\\\/fneaa.ca\\\/#\\\/schema\\\/logo\\\/image\\\/\"},\"sameAs\":[\"https:\\\/\\\/www.facebook.com\\\/FNEAA2019\",\"https:\\\/\\\/x.com\\\/FNEAA1\",\"https:\\\/\\\/www.instagram.com\\\/fneaa1\\\/?hl=en\"]}]}<\/script>\n<!-- \/ Yoast SEO plugin. -->","yoast_head_json":{"title":"Offres d'emplois - AAEPN","robots":{"index":"index","follow":"follow","max-snippet":"max-snippet:-1","max-image-preview":"max-image-preview:large","max-video-preview":"max-video-preview:-1"},"canonical":"https:\/\/fneaa.ca\/fr\/offres-demplois\/","og_locale":"fr_FR","og_type":"article","og_title":"Offres d'emplois - AAEPN","og_description":"Offres d\u2019emplois 12 septembre 2022, Akwesasne L&rsquo;Association des administrateurs de l&rsquo;\u00e9ducation des Premi\u00e8res Nations (AAEPN) a 4 nouvelles possibilit\u00e9s d&#8217;emploi pour des postes contractuels \u00e0 temps plein. Directeur des relations publiques et des services Directeur des communications et services num\u00e9riques Coordonnateur interdisciplinaire Conseiller sp\u00e9cial du pr\u00e9sident et chef de la direction Pour une description compl\u00e8te &hellip; Continue reading \"Offres d&#8217;emplois\"","og_url":"https:\/\/fneaa.ca\/fr\/offres-demplois\/","og_site_name":"AAEPN","article_publisher":"https:\/\/www.facebook.com\/FNEAA2019","article_modified_time":"2022-09-13T20:03:31+00:00","twitter_card":"summary_large_image","twitter_site":"@FNEAA1","twitter_misc":{"Dur\u00e9e de lecture estim\u00e9e":"2 minutes"},"schema":{"@context":"https:\/\/schema.org","@graph":[{"@type":"WebPage","@id":"https:\/\/fneaa.ca\/fr\/offres-demplois\/","url":"https:\/\/fneaa.ca\/fr\/offres-demplois\/","name":"Offres d'emplois - AAEPN","isPartOf":{"@id":"https:\/\/fneaa.ca\/#website"},"datePublished":"2021-12-15T16:17:31+00:00","dateModified":"2022-09-13T20:03:31+00:00","breadcrumb":{"@id":"https:\/\/fneaa.ca\/fr\/offres-demplois\/#breadcrumb"},"inLanguage":"fr-FR","potentialAction":[{"@type":"ReadAction","target":["https:\/\/fneaa.ca\/fr\/offres-demplois\/"]}]},{"@type":"BreadcrumbList","@id":"https:\/\/fneaa.ca\/fr\/offres-demplois\/#breadcrumb","itemListElement":[{"@type":"ListItem","position":1,"name":"Home","item":"https:\/\/fneaa.ca\/fr\/accueil\/"},{"@type":"ListItem","position":2,"name":"Offres d&#8217;emplois"}]},{"@type":"WebSite","@id":"https:\/\/fneaa.ca\/#website","url":"https:\/\/fneaa.ca\/","name":"FNEAA - First Nations Education Administrators Association","description":"Association des administrateurs de l'\u00e9ducation des Premi\u00e8res Nations","publisher":{"@id":"https:\/\/fneaa.ca\/#organization"},"potentialAction":[{"@type":"SearchAction","target":{"@type":"EntryPoint","urlTemplate":"https:\/\/fneaa.ca\/?s={search_term_string}"},"query-input":{"@type":"PropertyValueSpecification","valueRequired":true,"valueName":"search_term_string"}}],"inLanguage":"fr-FR"},{"@type":"Organization","@id":"https:\/\/fneaa.ca\/#organization","name":"First Nations Education Administrators Association","url":"https:\/\/fneaa.ca\/","logo":{"@type":"ImageObject","inLanguage":"fr-FR","@id":"https:\/\/fneaa.ca\/#\/schema\/logo\/image\/","url":"https:\/\/fneaa.ca\/wp-content\/uploads\/2021\/09\/fneaa_logo.svg","contentUrl":"https:\/\/fneaa.ca\/wp-content\/uploads\/2021\/09\/fneaa_logo.svg","width":367,"height":105,"caption":"First Nations Education Administrators Association"},"image":{"@id":"https:\/\/fneaa.ca\/#\/schema\/logo\/image\/"},"sameAs":["https:\/\/www.facebook.com\/FNEAA2019","https:\/\/x.com\/FNEAA1","https:\/\/www.instagram.com\/fneaa1\/?hl=en"]}]}},"_links":{"self":[{"href":"https:\/\/fneaa.ca\/fr\/wp-json\/wp\/v2\/pages\/2611","targetHints":{"allow":["GET"]}}],"collection":[{"href":"https:\/\/fneaa.ca\/fr\/wp-json\/wp\/v2\/pages"}],"about":[{"href":"https:\/\/fneaa.ca\/fr\/wp-json\/wp\/v2\/types\/page"}],"author":[{"embeddable":true,"href":"https:\/\/fneaa.ca\/fr\/wp-json\/wp\/v2\/users\/216"}],"replies":[{"embeddable":true,"href":"https:\/\/fneaa.ca\/fr\/wp-json\/wp\/v2\/comments?post=2611"}],"version-history":[{"count":0,"href":"https:\/\/fneaa.ca\/fr\/wp-json\/wp\/v2\/pages\/2611\/revisions"}],"wp:attachment":[{"href":"https:\/\/fneaa.ca\/fr\/wp-json\/wp\/v2\/media?parent=2611"}],"curies":[{"name":"wp","href":"https:\/\/api.w.org\/{rel}","templated":true}]}}